{"id":9291,"date":"2022-05-02T15:59:31","date_gmt":"2022-05-02T13:59:31","guid":{"rendered":"https:\/\/report-youthhostel.ch\/2025\/?page_id=9291"},"modified":"2026-01-07T14:45:14","modified_gmt":"2026-01-07T13:45:14","slug":"kontakt","status":"publish","type":"page","link":"https:\/\/report-youthhostel.ch\/2024\/kontakt\/","title":{"rendered":"Kontakt"},"content":{"rendered":"\t\t<div data-elementor-type=\"wp-page\" data-elementor-id=\"9291\" class=\"elementor elementor-9291\" data-elementor-post-type=\"page\">\n\t\t\t\t<div class=\"elementor-element elementor-element-5902bb0 e-flex e-con-boxed e-con e-parent\" data-id=\"5902bb0\" data-element_type=\"container\" data-settings=\"{&quot;jet_parallax_layout_list&quot;:[{&quot;jet_parallax_layout_image&quot;:{&quot;url&quot;:&quot;&quot;,&quot;id&quot;:&quot;&quot;,&quot;size&quot;:&quot;&quot;},&quot;_id&quot;:&quot;51a0e22&quot;,&quot;jet_parallax_layout_image_tablet&quot;:{&quot;url&quot;:&quot;&quot;,&quot;id&quot;:&quot;&quot;,&quot;size&quot;:&quot;&quot;},&quot;jet_parallax_layout_image_mobile&quot;:{&quot;url&quot;:&quot;&quot;,&quot;id&quot;:&quot;&quot;,&quot;size&quot;:&quot;&quot;},&quot;jet_parallax_layout_speed&quot;:{&quot;unit&quot;:&quot;%&quot;,&quot;size&quot;:50,&quot;sizes&quot;:[]},&quot;jet_parallax_layout_type&quot;:&quot;scroll&quot;,&quot;jet_parallax_layout_direction&quot;:null,&quot;jet_parallax_layout_fx_direction&quot;:null,&quot;jet_parallax_layout_z_index&quot;:&quot;&quot;,&quot;jet_parallax_layout_bg_x&quot;:50,&quot;jet_parallax_layout_bg_x_tablet&quot;:&quot;&quot;,&quot;jet_parallax_layout_bg_x_mobile&quot;:&quot;&quot;,&quot;jet_parallax_layout_bg_y&quot;:50,&quot;jet_parallax_layout_bg_y_tablet&quot;:&quot;&quot;,&quot;jet_parallax_layout_bg_y_mobile&quot;:&quot;&quot;,&quot;jet_parallax_layout_bg_size&quot;:&quot;auto&quot;,&quot;jet_parallax_layout_bg_size_tablet&quot;:&quot;&quot;,&quot;jet_parallax_layout_bg_size_mobile&quot;:&quot;&quot;,&quot;jet_parallax_layout_animation_prop&quot;:&quot;transform&quot;,&quot;jet_parallax_layout_on&quot;:[&quot;desktop&quot;,&quot;tablet&quot;]}],&quot;background_background&quot;:&quot;classic&quot;}\">\n\t\t\t\t\t<div class=\"e-con-inner\">\n\t\t\t\t<div class=\"elementor-element elementor-element-05e8bda elementor-widget elementor-widget-spacer\" data-id=\"05e8bda\" data-element_type=\"widget\" data-widget_type=\"spacer.default\">\n\t\t\t\t<div class=\"elementor-widget-container\">\n\t\t\t\t\t\t\t<div class=\"elementor-spacer\">\n\t\t\t<div class=\"elementor-spacer-inner\"><\/div>\n\t\t<\/div>\n\t\t\t\t\t\t<\/div>\n\t\t\t\t<\/div>\n\t\t\t\t<div class=\"elementor-element elementor-element-f77c60f elementor-widget elementor-widget-heading\" data-id=\"f77c60f\" data-element_type=\"widget\" id=\"subtitle-underline\" data-widget_type=\"heading.default\">\n\t\t\t\t<div class=\"elementor-widget-container\">\n\t\t\t\t\t<p class=\"elementor-heading-title elementor-size-default\">Kontakt<\/p>\t\t\t\t<\/div>\n\t\t\t\t<\/div>\n\t\t\t\t<div class=\"elementor-element elementor-element-5268d74 elementor-widget elementor-widget-heading\" data-id=\"5268d74\" data-element_type=\"widget\" data-widget_type=\"heading.default\">\n\t\t\t\t<div class=\"elementor-widget-container\">\n\t\t\t\t\t<h1 class=\"elementor-heading-title elementor-size-default\">Wir sind gerne f\u00fcr Sie da<\/h1>\t\t\t\t<\/div>\n\t\t\t\t<\/div>\n\t\t\t\t<div class=\"elementor-element elementor-element-2916dd1 elementor-widget elementor-widget-spacer\" data-id=\"2916dd1\" data-element_type=\"widget\" data-widget_type=\"spacer.default\">\n\t\t\t\t<div class=\"elementor-widget-container\">\n\t\t\t\t\t\t\t<div class=\"elementor-spacer\">\n\t\t\t<div class=\"elementor-spacer-inner\"><\/div>\n\t\t<\/div>\n\t\t\t\t\t\t<\/div>\n\t\t\t\t<\/div>\n\t\t\t\t\t<\/div>\n\t\t\t\t<\/div>\n\t\t<div class=\"elementor-element elementor-element-e7d1313 e-flex e-con-boxed e-con e-child\" data-id=\"e7d1313\" data-element_type=\"container\" data-settings=\"{&quot;jet_parallax_layout_list&quot;:[]}\">\n\t\t\t\t\t<div class=\"e-con-inner\">\n\t\t\t\t<div class=\"elementor-element elementor-element-ccc0fde elementor-widget elementor-widget-text-editor\" data-id=\"ccc0fde\" data-element_type=\"widget\" data-widget_type=\"text-editor.default\">\n\t\t\t\t<div class=\"elementor-widget-container\">\n\t\t\t\t\t\t\t\t\t<h3><span style=\"color: #5091cd;\">Webseite<\/span><\/h3><p><a href=\"http:\/\/www.youthhostel.ch\" target=\"_blank\" rel=\"noopener\">youthhostel.ch<\/a><\/p>\t\t\t\t\t\t\t\t<\/div>\n\t\t\t\t<\/div>\n\t\t\t\t<div class=\"elementor-element elementor-element-4dc17b8 elementor-widget elementor-widget-text-editor\" data-id=\"4dc17b8\" data-element_type=\"widget\" data-widget_type=\"text-editor.default\">\n\t\t\t\t<div class=\"elementor-widget-container\">\n\t\t\t\t\t\t\t\t\t<h3><span style=\"color: #5091cd;\">Booking Center<\/span><\/h3><p><span style=\"font-size: 17px;\">Tel. +41 44 360 14 14 | E-Mail:\u00a0<\/span><a style=\"background-color: #ffffff;\" href=\"mailto:contact@youthhostel.ch\" target=\"_blank\" rel=\"noopener\">contact@youthhostel.ch<\/a><\/p>\t\t\t\t\t\t\t\t<\/div>\n\t\t\t\t<\/div>\n\t\t\t\t<div class=\"elementor-element elementor-element-a5a8729 elementor-widget elementor-widget-text-editor\" data-id=\"a5a8729\" data-element_type=\"widget\" data-widget_type=\"text-editor.default\">\n\t\t\t\t<div class=\"elementor-widget-container\">\n\t\t\t\t\t\t\t\t\t<h3><span style=\"color: #5091cd;\">Newsletter<\/span><\/h3><p><a href=\"http:\/\/go.youthhostel.ch\/report_newsletter\/br\" target=\"_blank\" rel=\"noopener\"><span style=\"color: inherit;\">go.youthhostel.ch\/report_newsletter\/br<\/span><\/a><\/p>\t\t\t\t\t\t\t\t<\/div>\n\t\t\t\t<\/div>\n\t\t\t\t<div class=\"elementor-element elementor-element-1420d70 elementor-widget elementor-widget-text-editor\" data-id=\"1420d70\" data-element_type=\"widget\" data-widget_type=\"text-editor.default\">\n\t\t\t\t<div class=\"elementor-widget-container\">\n\t\t\t\t\t\t\t\t\t<h3><span style=\"color: #5091cd;\">Adresse<\/span><\/h3><p>Schweizer Jugendherbergen | Josefstrasse 216 | 8005 Z\u00fcrich<\/p>\t\t\t\t\t\t\t\t<\/div>\n\t\t\t\t<\/div>\n\t\t\t\t<div class=\"elementor-element elementor-element-9326893 elementor-widget elementor-widget-text-editor\" data-id=\"9326893\" data-element_type=\"widget\" data-widget_type=\"text-editor.default\">\n\t\t\t\t<div class=\"elementor-widget-container\">\n\t\t\t\t\t\t\t\t\t<h3><span style=\"color: #5091cd;\">Internationale Buchungen<\/span><\/h3><p><a href=\"http:\/\/www.hihostels.com\" target=\"_blank\" rel=\"noopener\"><span style=\"color: inherit;\">hihostels.com<\/span><\/a><\/p>\t\t\t\t\t\t\t\t<\/div>\n\t\t\t\t<\/div>\n\t\t\t\t<div class=\"elementor-element elementor-element-5b7aafd elementor-widget elementor-widget-text-editor\" data-id=\"5b7aafd\" data-element_type=\"widget\" data-widget_type=\"text-editor.default\">\n\t\t\t\t<div class=\"elementor-widget-container\">\n\t\t\t\t\t\t\t\t\t<h3><span style=\"color: #5091cd;\">Onlinebuchung<\/span><\/h3><div><p><a href=\"http:\/\/youthhostel.ch\" target=\"_blank\" rel=\"noopener\"><span style=\"color: inherit;\">youthhostel.ch<\/span><\/a><\/p><\/div>\t\t\t\t\t\t\t\t<\/div>\n\t\t\t\t<\/div>\n\t\t<div class=\"elementor-element elementor-element-c513ad1 e-con-full e-flex e-con e-child\" data-id=\"c513ad1\" data-element_type=\"container\" data-settings=\"{&quot;jet_parallax_layout_list&quot;:[]}\">\n\t\t\t\t<div class=\"elementor-element elementor-element-ab74f82 elementor-widget elementor-widget-text-editor\" data-id=\"ab74f82\" data-element_type=\"widget\" data-widget_type=\"text-editor.default\">\n\t\t\t\t<div class=\"elementor-widget-container\">\n\t\t\t\t\t\t\t\t\t<h3><span style=\"color: #5091cd;\">App zum Herunterladen<\/span><\/h3><div><p><span style=\"color: inherit;\">Swiss Youth Hostels<\/span><\/p><\/div>\t\t\t\t\t\t\t\t<\/div>\n\t\t\t\t<\/div>\n\t\t<div class=\"elementor-element elementor-element-8836a17 e-con-full e-flex e-con e-child\" data-id=\"8836a17\" data-element_type=\"container\" data-settings=\"{&quot;jet_parallax_layout_list&quot;:[]}\">\n\t\t\t\t<div class=\"elementor-element elementor-element-a5c0e7a elementor-widget elementor-widget-image\" data-id=\"a5c0e7a\" data-element_type=\"widget\" data-widget_type=\"image.default\">\n\t\t\t\t<div class=\"elementor-widget-container\">\n\t\t\t\t\t\t\t\t\t\t\t\t\t\t\t\t<a href=\"https:\/\/apps.apple.com\/ch\/app\/swiss-youth-hostels\/id1450638022\" target=\"_blank\">\n\t\t\t\t\t\t\t<img decoding=\"async\" width=\"200\" height=\"59\" src=\"https:\/\/report-youthhostel.ch\/2024\/wp-content\/uploads\/sites\/6\/appstore-icon-mobile-retina.png\" class=\"attachment-full size-full wp-image-4101\" alt=\"\" \/>\t\t\t\t\t\t\t\t<\/a>\n\t\t\t\t\t\t\t\t\t\t\t\t\t\t\t<\/div>\n\t\t\t\t<\/div>\n\t\t\t\t<div class=\"elementor-element elementor-element-5ffeef7 elementor-widget elementor-widget-image\" data-id=\"5ffeef7\" data-element_type=\"widget\" data-widget_type=\"image.default\">\n\t\t\t\t<div class=\"elementor-widget-container\">\n\t\t\t\t\t\t\t\t\t\t\t\t\t\t\t\t<a href=\"https:\/\/play.google.com\/store\/apps\/details?id=com.syh_mobile\" target=\"_blank\">\n\t\t\t\t\t\t\t<img decoding=\"async\" width=\"200\" height=\"59\" src=\"https:\/\/report-youthhostel.ch\/2024\/wp-content\/uploads\/sites\/6\/appstore-icon-mobile-retina2.png\" class=\"attachment-full size-full wp-image-4102\" alt=\"\" \/>\t\t\t\t\t\t\t\t<\/a>\n\t\t\t\t\t\t\t\t\t\t\t\t\t\t\t<\/div>\n\t\t\t\t<\/div>\n\t\t\t\t<\/div>\n\t\t\t\t<\/div>\n\t\t\t\t<div class=\"elementor-element elementor-element-9cad434 elementor-widget elementor-widget-text-editor\" data-id=\"9cad434\" data-element_type=\"widget\" data-widget_type=\"text-editor.default\">\n\t\t\t\t<div class=\"elementor-widget-container\">\n\t\t\t\t\t\t\t\t\t<h3><span style=\"color: #5091cd;\">Mitgliedschaft<\/span><\/h3><div><a href=\"http:\/\/go.youthhostel.ch\/report_member\/br\" target=\"_blank\" rel=\"noopener\">go.youthhostel.ch\/report_member\/br<\/a><\/div>\t\t\t\t\t\t\t\t<\/div>\n\t\t\t\t<\/div>\n\t\t<div class=\"elementor-element elementor-element-7e63c83 e-con-full e-flex e-con e-child\" data-id=\"7e63c83\" data-element_type=\"container\" data-settings=\"{&quot;jet_parallax_layout_list&quot;:[]}\">\n\t\t\t\t<div class=\"elementor-element elementor-element-3b5a81e elementor-widget elementor-widget-text-editor\" data-id=\"3b5a81e\" data-element_type=\"widget\" data-widget_type=\"text-editor.default\">\n\t\t\t\t<div class=\"elementor-widget-container\">\n\t\t\t\t\t\t\t\t\t<h3><span style=\"color: #5091cd;\">Social Media <\/span><\/h3>\t\t\t\t\t\t\t\t<\/div>\n\t\t\t\t<\/div>\n\t\t<div class=\"elementor-element elementor-element-b95fa25 e-con-full e-flex e-con e-child\" data-id=\"b95fa25\" data-element_type=\"container\" data-settings=\"{&quot;jet_parallax_layout_list&quot;:[]}\">\n\t\t\t\t<div class=\"elementor-element elementor-element-39f2abd elementor-widget elementor-widget-image\" data-id=\"39f2abd\" data-element_type=\"widget\" data-widget_type=\"image.default\">\n\t\t\t\t<div class=\"elementor-widget-container\">\n\t\t\t\t\t\t\t\t\t\t\t\t\t\t\t\t<a href=\"http:\/\/facebook.youthhostel.ch\" target=\"_blank\">\n\t\t\t\t\t\t\t<img decoding=\"async\" width=\"165\" height=\"164\" src=\"https:\/\/report-youthhostel.ch\/2024\/wp-content\/uploads\/sites\/6\/Icon_FB.svg\" class=\"attachment-full size-full wp-image-217\" alt=\"\" \/>\t\t\t\t\t\t\t\t<\/a>\n\t\t\t\t\t\t\t\t\t\t\t\t\t\t\t<\/div>\n\t\t\t\t<\/div>\n\t\t\t\t<div class=\"elementor-element elementor-element-3be39b7 elementor-widget elementor-widget-image\" data-id=\"3be39b7\" data-element_type=\"widget\" data-widget_type=\"image.default\">\n\t\t\t\t<div class=\"elementor-widget-container\">\n\t\t\t\t\t\t\t\t\t\t\t\t\t\t\t\t<a href=\"http:\/\/instagram.youthhostel.ch\" target=\"_blank\">\n\t\t\t\t\t\t\t<img loading=\"lazy\" decoding=\"async\" width=\"154\" height=\"154\" src=\"https:\/\/report-youthhostel.ch\/2024\/wp-content\/uploads\/sites\/6\/Icon_Insta.svg\" class=\"attachment-full size-full wp-image-218\" alt=\"\" \/>\t\t\t\t\t\t\t\t<\/a>\n\t\t\t\t\t\t\t\t\t\t\t\t\t\t\t<\/div>\n\t\t\t\t<\/div>\n\t\t\t\t<div class=\"elementor-element elementor-element-96a48f2 elementor-widget elementor-widget-image\" data-id=\"96a48f2\" data-element_type=\"widget\" data-widget_type=\"image.default\">\n\t\t\t\t<div class=\"elementor-widget-container\">\n\t\t\t\t\t\t\t\t\t\t\t\t\t\t\t\t<a href=\"http:\/\/youtube.youthhostel.ch\" target=\"_blank\">\n\t\t\t\t\t\t\t<img loading=\"lazy\" decoding=\"async\" width=\"387\" height=\"465\" src=\"https:\/\/report-youthhostel.ch\/2024\/wp-content\/uploads\/sites\/6\/Icon_YouTube.svg\" class=\"attachment-full size-full wp-image-4194\" alt=\"\" \/>\t\t\t\t\t\t\t\t<\/a>\n\t\t\t\t\t\t\t\t\t\t\t\t\t\t\t<\/div>\n\t\t\t\t<\/div>\n\t\t\t\t<\/div>\n\t\t\t\t<\/div>\n\t\t\t\t<div class=\"elementor-element elementor-element-b2b7527 elementor-widget elementor-widget-text-editor\" data-id=\"b2b7527\" data-element_type=\"widget\" data-widget_type=\"text-editor.default\">\n\t\t\t\t<div class=\"elementor-widget-container\">\n\t\t\t\t\t\t\t\t\t<h3><span style=\"color: #5091cd;\">Informationen f\u00fcr G\u00f6nner*innen<\/span><\/h3><p>Als Nonprofit-Organisation verdanken wir es unseren G\u00f6nner*innen, dass der nachhaltige und soziale Tourismus eine Zukunft hat. Herzlichen Dank!\u00a0<\/p><p><strong>Bank:<\/strong> Z\u00fcrcher Kantonalbank, 8010 Z\u00fcrich<br \/><strong>IBAN:<\/strong> CH24 0070 0111 5000 4804 6\u00a0<\/p><p><strong>Zugunsten von:<\/strong> \u00a0Schweizer Jugendherbergen | Josefstrasse 216 | 8005 Z\u00fcrich<\/p>\t\t\t\t\t\t\t\t<\/div>\n\t\t\t\t<\/div>\n\t\t\t\t\t<\/div>\n\t\t\t\t<\/div>\n\t\t<div class=\"elementor-element elementor-element-890bfcc e-flex e-con-boxed e-con e-parent\" data-id=\"890bfcc\" data-element_type=\"container\" data-settings=\"{&quot;jet_parallax_layout_list&quot;:[]}\">\n\t\t\t\t\t<div class=\"e-con-inner\">\n\t\t\t\t<div class=\"elementor-element elementor-element-30b34fe elementor-widget elementor-widget-template\" data-id=\"30b34fe\" data-element_type=\"widget\" data-widget_type=\"template.default\">\n\t\t\t\t<div class=\"elementor-widget-container\">\n\t\t\t\t\t\t\t<div class=\"elementor-template\">\n\t\t\t\t\t<div data-elementor-type=\"page\" data-elementor-id=\"1162\" class=\"elementor elementor-1162\" data-elementor-post-type=\"elementor_library\">\n\t\t\t\t<div class=\"elementor-element elementor-element-c8029b4 e-flex e-con-boxed e-con e-parent\" data-id=\"c8029b4\" data-element_type=\"container\" data-settings=\"{&quot;jet_parallax_layout_list&quot;:[{&quot;jet_parallax_layout_image&quot;:{&quot;url&quot;:&quot;&quot;,&quot;id&quot;:&quot;&quot;,&quot;size&quot;:&quot;&quot;},&quot;_id&quot;:&quot;d9c892f&quot;,&quot;jet_parallax_layout_image_tablet&quot;:{&quot;url&quot;:&quot;&quot;,&quot;id&quot;:&quot;&quot;,&quot;size&quot;:&quot;&quot;},&quot;jet_parallax_layout_image_mobile&quot;:{&quot;url&quot;:&quot;&quot;,&quot;id&quot;:&quot;&quot;,&quot;size&quot;:&quot;&quot;},&quot;jet_parallax_layout_speed&quot;:{&quot;unit&quot;:&quot;%&quot;,&quot;size&quot;:50,&quot;sizes&quot;:[]},&quot;jet_parallax_layout_type&quot;:&quot;scroll&quot;,&quot;jet_parallax_layout_direction&quot;:null,&quot;jet_parallax_layout_fx_direction&quot;:null,&quot;jet_parallax_layout_z_index&quot;:&quot;&quot;,&quot;jet_parallax_layout_bg_x&quot;:50,&quot;jet_parallax_layout_bg_x_tablet&quot;:&quot;&quot;,&quot;jet_parallax_layout_bg_x_mobile&quot;:&quot;&quot;,&quot;jet_parallax_layout_bg_y&quot;:50,&quot;jet_parallax_layout_bg_y_tablet&quot;:&quot;&quot;,&quot;jet_parallax_layout_bg_y_mobile&quot;:&quot;&quot;,&quot;jet_parallax_layout_bg_size&quot;:&quot;auto&quot;,&quot;jet_parallax_layout_bg_size_tablet&quot;:&quot;&quot;,&quot;jet_parallax_layout_bg_size_mobile&quot;:&quot;&quot;,&quot;jet_parallax_layout_animation_prop&quot;:&quot;transform&quot;,&quot;jet_parallax_layout_on&quot;:[&quot;desktop&quot;,&quot;tablet&quot;]}]}\">\n\t\t\t\t\t<div class=\"e-con-inner\">\n\t\t\t\t<div class=\"elementor-element elementor-element-a2d04d4 elementor-widget elementor-widget-spacer\" data-id=\"a2d04d4\" data-element_type=\"widget\" data-widget_type=\"spacer.default\">\n\t\t\t\t<div class=\"elementor-widget-container\">\n\t\t\t\t\t\t\t<div class=\"elementor-spacer\">\n\t\t\t<div class=\"elementor-spacer-inner\"><\/div>\n\t\t<\/div>\n\t\t\t\t\t\t<\/div>\n\t\t\t\t<\/div>\n\t\t\t\t<div class=\"elementor-element elementor-element-3b2fcaa elementor-widget elementor-widget-heading\" data-id=\"3b2fcaa\" data-element_type=\"widget\" id=\"non-breaking\" data-widget_type=\"heading.default\">\n\t\t\t\t<div class=\"elementor-widget-container\">\n\t\t\t\t\t<p class=\"elementor-heading-title elementor-size-default\">Weitere Themen, die Sie interessieren k\u00f6nnten<\/p>\t\t\t\t<\/div>\n\t\t\t\t<\/div>\n\t\t\t\t<div class=\"elementor-element elementor-element-188a530 raven-hover-scale-up elementor-widget elementor-widget-raven-posts\" data-id=\"188a530\" data-element_type=\"widget\" data-settings=\"{&quot;classic_columns&quot;:&quot;4&quot;,&quot;query_posts_per_page&quot;:4,&quot;_skin&quot;:&quot;classic&quot;,&quot;classic_layout&quot;:&quot;grid&quot;,&quot;classic_columns_tablet&quot;:&quot;2&quot;,&quot;classic_columns_mobile&quot;:&quot;1&quot;,&quot;query_offset&quot;:0}\" data-widget_type=\"raven-posts.classic\">\n\t\t\t\t<div class=\"elementor-widget-container\">\n\t\t\t\t\t\t\t<div class=\"raven-posts raven-grid raven-grid-4 raven-grid-mobile-1 raven-grid-tablet-2\" data-post-id=\"1162\" data-archive-query=\"\" data-lang=\"\">\r\n\t\t\t\t<div class=\"raven-grid-item raven-post-item post-16962 page type-page status-publish hentry\">\r\n\t\t\t<div class=\"raven-post elementor-animation-grow\">\r\n\t\t\t\t\t\t\t\t<div class=\"raven-post-content\">\r\n\t\t\t\t\t<h3 class=\"raven-post-title\"><a class=\"raven-post-title-link\" href=\"https:\/\/report-youthhostel.ch\/2024\/fr\/mentions-legales\/\">Mentions l\u00e9gales<\/a><\/h3>\t\t\t\t<\/div>\r\n\t\t\t<\/div>\r\n\t\t<\/div>\r\n\t\t\t\t<div class=\"raven-grid-item raven-post-item post-17021 page type-page status-publish has-post-thumbnail hentry\">\r\n\t\t\t<div class=\"raven-post elementor-animation-grow\">\r\n\t\t\t\t\t\t<div class=\"raven-post-image-wrap\">\r\n\t\t\t<a class=\"raven-post-image raven-image-fit\" href=\"https:\/\/report-youthhostel.ch\/2024\/en\/foreword\/offer\/\"><img loading=\"lazy\" decoding=\"async\" width=\"2500\" height=\"886\" src=\"https:\/\/report-youthhostel.ch\/2024\/wp-content\/uploads\/sites\/6\/Jugendherberge-Brienz-Aussen-Terrasse-Corsin_Naeff-02_sRGB.jpg\" class=\"attachment-large size-large wp-image-16269\" alt=\"\" srcset=\"https:\/\/report-youthhostel.ch\/2024\/wp-content\/uploads\/sites\/6\/Jugendherberge-Brienz-Aussen-Terrasse-Corsin_Naeff-02_sRGB.jpg 2500w, https:\/\/report-youthhostel.ch\/2024\/wp-content\/uploads\/sites\/6\/Jugendherberge-Brienz-Aussen-Terrasse-Corsin_Naeff-02_sRGB-768x272.jpg 768w, https:\/\/report-youthhostel.ch\/2024\/wp-content\/uploads\/sites\/6\/Jugendherberge-Brienz-Aussen-Terrasse-Corsin_Naeff-02_sRGB-1536x544.jpg 1536w, https:\/\/report-youthhostel.ch\/2024\/wp-content\/uploads\/sites\/6\/Jugendherberge-Brienz-Aussen-Terrasse-Corsin_Naeff-02_sRGB-2048x726.jpg 2048w\" sizes=\"(max-width: 2500px) 100vw, 2500px\" \/> <span class=\"raven-post-image-overlay\"><\/span><\/a>\t\t<\/div>\r\n\t\t\t\t\t\t<div class=\"raven-post-content\">\r\n\t\t\t\t\t<h3 class=\"raven-post-title\"><a class=\"raven-post-title-link\" href=\"https:\/\/report-youthhostel.ch\/2024\/en\/foreword\/offer\/\">Offer<\/a><\/h3>\t\t\t\t<\/div>\r\n\t\t\t<\/div>\r\n\t\t<\/div>\r\n\t\t\t\t<div class=\"raven-grid-item raven-post-item post-16893 page type-page status-publish has-post-thumbnail hentry\">\r\n\t\t\t<div class=\"raven-post elementor-animation-grow\">\r\n\t\t\t\t\t\t<div class=\"raven-post-image-wrap\">\r\n\t\t\t<a class=\"raven-post-image raven-image-fit\" href=\"https:\/\/report-youthhostel.ch\/2024\/fr\/avant-propos\/notre-rapport-a-lenvironnement\/\"><img loading=\"lazy\" decoding=\"async\" width=\"1000\" height=\"1144\" src=\"https:\/\/report-youthhostel.ch\/2024\/wp-content\/uploads\/sites\/6\/Jugendherberge-Scuol-Sommer-Aussenansicht-Ralph_Feiner-04_mobile.jpg\" class=\"attachment-large size-large wp-image-16384\" alt=\"\" srcset=\"https:\/\/report-youthhostel.ch\/2024\/wp-content\/uploads\/sites\/6\/Jugendherberge-Scuol-Sommer-Aussenansicht-Ralph_Feiner-04_mobile.jpg 1000w, https:\/\/report-youthhostel.ch\/2024\/wp-content\/uploads\/sites\/6\/Jugendherberge-Scuol-Sommer-Aussenansicht-Ralph_Feiner-04_mobile-768x879.jpg 768w\" sizes=\"(max-width: 1000px) 100vw, 1000px\" \/> <span class=\"raven-post-image-overlay\"><\/span><\/a>\t\t<\/div>\r\n\t\t\t\t\t\t<div class=\"raven-post-content\">\r\n\t\t\t\t\t<h3 class=\"raven-post-title\"><a class=\"raven-post-title-link\" href=\"https:\/\/report-youthhostel.ch\/2024\/fr\/avant-propos\/notre-rapport-a-lenvironnement\/\">Notre rapport \u00e0 l\u2019environnement<\/a><\/h3>\t\t\t\t<\/div>\r\n\t\t\t<\/div>\r\n\t\t<\/div>\r\n\t\t\t\t<div class=\"raven-grid-item raven-post-item post-17105 page type-page status-publish hentry\">\r\n\t\t\t<div class=\"raven-post elementor-animation-grow\">\r\n\t\t\t\t\t\t\t\t<div class=\"raven-post-content\">\r\n\t\t\t\t\t<h3 class=\"raven-post-title\"><a class=\"raven-post-title-link\" href=\"https:\/\/report-youthhostel.ch\/2024\/en\/publishing-information\/\">Publishing information<\/a><\/h3>\t\t\t\t<\/div>\r\n\t\t\t<\/div>\r\n\t\t<\/div>\r\n\t\t\t\t<\/div>\r\n\t\t\t\t\t\t<\/div>\n\t\t\t\t<\/div>\n\t\t\t\t<div class=\"elementor-element elementor-element-938b8d6 elementor-widget elementor-widget-spacer\" data-id=\"938b8d6\" data-element_type=\"widget\" data-widget_type=\"spacer.default\">\n\t\t\t\t<div class=\"elementor-widget-container\">\n\t\t\t\t\t\t\t<div class=\"elementor-spacer\">\n\t\t\t<div class=\"elementor-spacer-inner\"><\/div>\n\t\t<\/div>\n\t\t\t\t\t\t<\/div>\n\t\t\t\t<\/div>\n\t\t\t\t\t<\/div>\n\t\t\t\t<\/div>\n\t\t\t\t<\/div>\n\t\t\t\t<\/div>\n\t\t\t\t\t\t<\/div>\n\t\t\t\t<\/div>\n\t\t\t\t\t<\/div>\n\t\t\t\t<\/div>\n\t\t\t\t<\/div>\n\t\t","protected":false},"excerpt":{"rendered":"<p>Kontakt Wir sind gerne f\u00fcr Sie da Webseite youthhostel.ch Booking Center Tel. +41 44 360 14 14 | E-Mail:\u00a0contact@youthhostel.ch Newsletter go.youthhostel.ch\/report_newsletter\/br Adresse Schweizer Jugendherbergen | Josefstrasse 216 | 8005 Z\u00fcrich Internationale Buchungen hihostels.com Onlinebuchung youthhostel.ch App zum Herunterladen Swiss Youth Hostels Mitgliedschaft go.youthhostel.ch\/report_member\/br Social Media Informationen f\u00fcr G\u00f6nner*innen Als Nonprofit-Organisation verdanken wir es unseren G\u00f6nner*innen, [&hellip;]<\/p>\n","protected":false},"author":1,"featured_media":0,"parent":0,"menu_order":0,"comment_status":"closed","ping_status":"closed","template":"elementor_header_footer","meta":{"footnotes":""},"class_list":["post-9291","page","type-page","status-publish","hentry"],"_links":{"self":[{"href":"https:\/\/report-youthhostel.ch\/2024\/wp-json\/wp\/v2\/pages\/9291","targetHints":{"allow":["GET"]}}],"collection":[{"href":"https:\/\/report-youthhostel.ch\/2024\/wp-json\/wp\/v2\/pages"}],"about":[{"href":"https:\/\/report-youthhostel.ch\/2024\/wp-json\/wp\/v2\/types\/page"}],"author":[{"embeddable":true,"href":"https:\/\/report-youthhostel.ch\/2024\/wp-json\/wp\/v2\/users\/1"}],"replies":[{"embeddable":true,"href":"https:\/\/report-youthhostel.ch\/2024\/wp-json\/wp\/v2\/comments?post=9291"}],"version-history":[{"count":82,"href":"https:\/\/report-youthhostel.ch\/2024\/wp-json\/wp\/v2\/pages\/9291\/revisions"}],"predecessor-version":[{"id":18126,"href":"https:\/\/report-youthhostel.ch\/2024\/wp-json\/wp\/v2\/pages\/9291\/revisions\/18126"}],"wp:attachment":[{"href":"https:\/\/report-youthhostel.ch\/2024\/wp-json\/wp\/v2\/media?parent=9291"}],"curies":[{"name":"wp","href":"https:\/\/api.w.org\/{rel}","templated":true}]}}