{"id":9285,"date":"2022-05-02T15:57:16","date_gmt":"2022-05-02T13:57:16","guid":{"rendered":"https:\/\/report-youthhostel.ch\/2025\/?page_id=9285"},"modified":"2025-05-15T09:48:29","modified_gmt":"2025-05-15T07:48:29","slug":"rueckblick-und-ausblick","status":"publish","type":"page","link":"https:\/\/report-youthhostel.ch\/2024\/rueckblick-und-ausblick\/","title":{"rendered":"R\u00fcckblick &#038; Ausblick"},"content":{"rendered":"\t\t<div data-elementor-type=\"wp-page\" data-elementor-id=\"9285\" class=\"elementor elementor-9285\" data-elementor-post-type=\"page\">\n\t\t\t\t<div class=\"elementor-element elementor-element-8b7d8f9 e-flex e-con-boxed e-con e-parent\" data-id=\"8b7d8f9\" data-element_type=\"container\" data-settings=\"{&quot;background_background&quot;:&quot;classic&quot;,&quot;jet_parallax_layout_list&quot;:[]}\">\n\t\t\t\t\t<div class=\"e-con-inner\">\n\t\t<div class=\"elementor-element elementor-element-bec5818 e-flex e-con-boxed e-con e-child\" data-id=\"bec5818\" data-element_type=\"container\" data-settings=\"{&quot;jet_parallax_layout_list&quot;:[]}\">\n\t\t\t\t\t<div class=\"e-con-inner\">\n\t\t\t\t<div class=\"elementor-element elementor-element-7174728 elementor-widget elementor-widget-heading\" data-id=\"7174728\" data-element_type=\"widget\" id=\"subtitle-underline\" data-widget_type=\"heading.default\">\n\t\t\t\t<div class=\"elementor-widget-container\">\n\t\t\t\t\t<p class=\"elementor-heading-title elementor-size-default\">R\u00fcckblick und Ausblick 2025<\/p>\t\t\t\t<\/div>\n\t\t\t\t<\/div>\n\t\t\t\t<div class=\"elementor-element elementor-element-f32bd67 elementor-widget elementor-widget-heading\" data-id=\"f32bd67\" data-element_type=\"widget\" data-widget_type=\"heading.default\">\n\t\t\t\t<div class=\"elementor-widget-container\">\n\t\t\t\t\t<h1 class=\"elementor-heading-title elementor-size-default\">Klimaziele, Digital-<br>projekte und Netzwerkentwicklung<\/h1>\t\t\t\t<\/div>\n\t\t\t\t<\/div>\n\t\t\t\t\t<\/div>\n\t\t\t\t<\/div>\n\t\t\t\t\t<\/div>\n\t\t\t\t<\/div>\n\t\t<div class=\"elementor-element elementor-element-1039953 e-con-full e-flex e-con e-parent\" data-id=\"1039953\" data-element_type=\"container\" data-settings=\"{&quot;background_background&quot;:&quot;classic&quot;,&quot;jet_parallax_layout_list&quot;:[]}\">\n\t\t\t\t<\/div>\n\t\t<div class=\"elementor-element elementor-element-0b7f751 e-flex e-con-boxed e-con e-parent\" data-id=\"0b7f751\" data-element_type=\"container\" data-settings=\"{&quot;jet_parallax_layout_list&quot;:[]}\">\n\t\t\t\t\t<div class=\"e-con-inner\">\n\t\t\t\t<div class=\"elementor-element elementor-element-cc3ba41 elementor-widget elementor-widget-text-editor\" data-id=\"cc3ba41\" data-element_type=\"widget\" data-widget_type=\"text-editor.default\">\n\t\t\t\t<div class=\"elementor-widget-container\">\n\t\t\t\t\t\t\t\t\t<p>Modellbild Jugendherberge Genf, Er\u00f6ffnung Juli 2026<\/p>\t\t\t\t\t\t\t\t<\/div>\n\t\t\t\t<\/div>\n\t\t\t\t\t<\/div>\n\t\t\t\t<\/div>\n\t\t<div class=\"elementor-element elementor-element-1165ed7 e-flex e-con-boxed e-con e-parent\" data-id=\"1165ed7\" data-element_type=\"container\" data-settings=\"{&quot;jet_parallax_layout_list&quot;:[]}\">\n\t\t\t\t\t<div class=\"e-con-inner\">\n\t\t\t\t<div class=\"elementor-element elementor-element-87b6fb9 elementor-widget elementor-widget-heading\" data-id=\"87b6fb9\" data-element_type=\"widget\" data-widget_type=\"heading.default\">\n\t\t\t\t<div class=\"elementor-widget-container\">\n\t\t\t\t\t<h2 class=\"elementor-heading-title elementor-size-default\">Klimastrategie<\/h2>\t\t\t\t<\/div>\n\t\t\t\t<\/div>\n\t\t\t\t<div class=\"elementor-element elementor-element-662ac6c elementor-widget elementor-widget-text-editor\" data-id=\"662ac6c\" data-element_type=\"widget\" data-widget_type=\"text-editor.default\">\n\t\t\t\t<div class=\"elementor-widget-container\">\n\t\t\t\t\t\t\t\t\t<p>Die Schweizerische Stiftung f\u00fcr Sozialtourismus und die Schweizer Jugendherbergen engagieren sich im Rahmen ihrer Gesamtstrategie einer nachhaltigen Unternehmensf\u00fchrung seit vielen Jahren f\u00fcr einen wirksamen Klimaschutz. Dabei verfolgen sie seit Mitte der 90er-Jahre die systematische Reduktion der sch\u00e4dlichen CO<sub>2<\/sub>-Emissionen.<\/p><p>Seit dem Jahr 2008 haben sie sich zu CO<sub>2<\/sub>-Verminderungen gegen\u00fcber dem Bundesamt f\u00fcr Umwelt BAFU verpflichtet. Dabei wurde f\u00fcr die Periode 2008 bis 2024 ein Reduktionspfad mit Verminderungsverpflichtung verfolgt, welcher im Wesentlichen auf folgendem Prinzip basiert: Zuerst vermeiden, dann reduzieren, den Rest kompensieren. Dabei konnten die vereinbarten hochgesetzten Ziele \u00fcber die gesamte Vertragsperiode von 17 Jahren sogar \u00fcbertroffen werden und die spezifische CO<sub>2<\/sub>-Fracht konnte um 67% reduziert werden \u2013 ein Riesenerfolg!<\/p><p>Die beiden Organisationen wollen mit ihrer Klimastrategie auch in Zukunft eine Vorreiterrolle einnehmen und das Netto-Null-Ziel (-90%) m\u00f6glichst fr\u00fch vor 2050 erreichen. Daf\u00fcr werden sie analog dem bisherigen, \u00e4usserst erfolgreichen Prinzip eine neue Zielvereinbarung abschliessen und einen detaillierten Dekarbonisierungsplan erstellen.<\/p>\t\t\t\t\t\t\t\t<\/div>\n\t\t\t\t<\/div>\n\t\t\t\t<div class=\"elementor-element elementor-element-6536ba5 elementor-widget elementor-widget-heading\" data-id=\"6536ba5\" data-element_type=\"widget\" data-widget_type=\"heading.default\">\n\t\t\t\t<div class=\"elementor-widget-container\">\n\t\t\t\t\t<h2 class=\"elementor-heading-title elementor-size-default\">Digitale Entwicklungsprojekte<\/h2>\t\t\t\t<\/div>\n\t\t\t\t<\/div>\n\t\t\t\t<div class=\"elementor-element elementor-element-cc26503 elementor-widget elementor-widget-text-editor\" data-id=\"cc26503\" data-element_type=\"widget\" data-widget_type=\"text-editor.default\">\n\t\t\t\t<div class=\"elementor-widget-container\">\n\t\t\t\t\t\t\t\t\t<p>Anfang des Jahres 2025 konnte eine neu entwickelte Buchungsleiste auf der Webseite <span style=\"text-decoration: underline;\"><a href=\"http:\/\/www.youthhostel.ch\" target=\"_blank\" rel=\"noopener\"><span style=\"color: #5091cd; text-decoration: underline;\">www.youthhostel.ch<\/span><\/a><\/span> gelauncht werden. Es k\u00f6nnen nun sehr einfach Jugendherbergen mit Verf\u00fcgbarkeiten angezeigt werden. Diese Funktion dient vor allem Kurzentschlossenen, welche noch flexibel in der Wahl des Ortes sind.<\/p><p>Die neue Buchungsleiste ist Teil einer umfassenden Digitalisierungsstrategie. Im Jahr 2024 wurde das G\u00e4steportal <span style=\"text-decoration: underline; color: #5091cd;\"><a style=\"color: #5091cd; text-decoration: underline;\" href=\"http:\/\/my.youthhostel.ch\" target=\"_blank\" rel=\"noopener\">my.youthhostel.ch<\/a><\/span> gelauncht, welches unseren Mitgliedern und registrierten Benutzer*innen den digitalen Kauf und die einfache Verwaltung ihrer pers\u00f6nlichen Daten erm\u00f6glicht. Im Verlauf des Jahres 2025 wird die neue Buchungsplattform gelauncht. Diese wird zus\u00e4tzliche Funktionen enthalten, um neben der \u00dcbernachtung und der Verpflegung in der Jugendherberge auch Drittleistungen zubuchen zu k\u00f6nnen. In einem weiteren Projektschritt sollen dann auch die Buchungsanfragen f\u00fcr Gruppen und Schulen weiter vereinfacht werden. Trotz vielen geplanten Entwicklungsschritten in der Digitalisierung wird in unseren Jugendherbergen die menschliche Begegnung weiterhin im Zentrum stehen!<\/p>\t\t\t\t\t\t\t\t<\/div>\n\t\t\t\t<\/div>\n\t\t\t\t<div class=\"elementor-element elementor-element-cf94033 elementor-widget elementor-widget-heading\" data-id=\"cf94033\" data-element_type=\"widget\" data-widget_type=\"heading.default\">\n\t\t\t\t<div class=\"elementor-widget-container\">\n\t\t\t\t\t<h2 class=\"elementor-heading-title elementor-size-default\">Aktuelle Projekte von Jugend&shy;herbergen<\/h2>\t\t\t\t<\/div>\n\t\t\t\t<\/div>\n\t\t\t\t<div class=\"elementor-element elementor-element-c1bab82 elementor-widget elementor-widget-text-editor\" data-id=\"c1bab82\" data-element_type=\"widget\" data-widget_type=\"text-editor.default\">\n\t\t\t\t<div class=\"elementor-widget-container\">\n\t\t\t\t\t\t\t\t\t<p>Im Jahr 2022 ist die Stadt <span style=\"color: #5091cd;\">Martigny<\/span> mit dem Wunsch nach einer Realisierung einer Jugendherberge im historischen \u00abB\u00e2timent de l\u2019Horloge\u00bb an die Schweizerische Stiftung f\u00fcr Sozialtourismus herangetreten. Die Realisierung der Jugendherberge mit 48 Betten wurde umgehend begonnen, finanziert durch den inzwischen leider verstorbenen M\u00e4zen L\u00e9onard Gianadda. Nach umfassenden Renovations- und Umbauarbeiten wurde das denkmalgesch\u00fctzte Objekt am 28. Februar 2025 er\u00f6ffnet.<\/p><p><span style=\"color: #5091cd;\">Genf<\/span> ist f\u00fcr die Schweizer Jugendherbergen ein enorm wichtiger Standort. Das Resultat eines Projektwettbewerbes f\u00fcr eine Jugendherberge im Areal von st\u00e4dtischen Sportanlagen konnte weiterentwickelt werden. Die Stadt Genf erh\u00e4lt mit der Jugendherberge das f\u00fcr den Sport dringend erforderliche g\u00fcnstige Bettenangebot f\u00fcr den Trainingsbetrieb und wir k\u00f6nnen die gewichtige L\u00fccke im Netzwerk schliessen. Am 1. Juli 2024 erfolgte der Baubeginn. Die neue Jugendherberge soll im Sommer 2026 er\u00f6ffnet werden.<\/p><p>Seit dem Jahr 2006 und der Betriebs\u00fcbernahme durch die Schweizer Jugendherbergen mietet die Schweizerische Stiftung f\u00fcr Sozialtourismus das 1991\u20131993 erbaute \u00abJeunotel\u00bb von der Stadt <span style=\"color: #5091cd;\">Lausanne<\/span>. Die Jugendherberge bedarf nach mehr als 30 Jahren Betriebszeit dringend einer umfassenden energetischen und substanziellen Sanierung sowie Verbesserungen des Ambientes. Ende 2024 konnte eine Vereinbarung \u00fcber die Projektzusammenarbeit und eine Mietvertragsverl\u00e4ngerung gegenseitig unterzeichnet werden. Der Projektstart erfolgte ebenfalls noch vor Jahresende.<\/p>\t\t\t\t\t\t\t\t<\/div>\n\t\t\t\t<\/div>\n\t\t\t\t<div class=\"elementor-element elementor-element-981ffb6 elementor-widget elementor-widget-heading\" data-id=\"981ffb6\" data-element_type=\"widget\" data-widget_type=\"heading.default\">\n\t\t\t\t<div class=\"elementor-widget-container\">\n\t\t\t\t\t<h2 class=\"elementor-heading-title elementor-size-default\">Neue Gesch\u00e4ftsstelle<\/h2>\t\t\t\t<\/div>\n\t\t\t\t<\/div>\n\t\t\t\t<div class=\"elementor-element elementor-element-4227bfb elementor-widget elementor-widget-text-editor\" data-id=\"4227bfb\" data-element_type=\"widget\" data-widget_type=\"text-editor.default\">\n\t\t\t\t<div class=\"elementor-widget-container\">\n\t\t\t\t\t\t\t\t\t<p>Seit \u00fcber 30 Jahren befinden sich die B\u00fcros der Schweizer Jugendherbergen und der Schweizerischen Stiftung f\u00fcr Sozialtourismus an der Schaffhauserstrasse 14 in Z\u00fcrich. Ende 2025 werden wir in eine neue, zeitgem\u00e4sse B\u00fcrolandschaft umziehen. Die gemeinsame Projektgruppe hat daf\u00fcr bereits die passenden R\u00e4umlichkeiten an zentraler Lage in Z\u00fcrich gefunden und die Planung der erforderlichen Umbauten gestartet.<\/p><p>\u00a0<\/p><p>Im April 2025<\/p>\t\t\t\t\t\t\t\t<\/div>\n\t\t\t\t<\/div>\n\t\t\t\t\t<\/div>\n\t\t\t\t<\/div>\n\t\t<div class=\"elementor-element elementor-element-abbe51b e-flex e-con-boxed e-con e-parent\" data-id=\"abbe51b\" data-element_type=\"container\" data-settings=\"{&quot;jet_parallax_layout_list&quot;:[]}\">\n\t\t\t\t\t<div class=\"e-con-inner\">\n\t\t\t\t<div class=\"elementor-element elementor-element-4c9babf elementor-widget elementor-widget-template\" data-id=\"4c9babf\" data-element_type=\"widget\" data-widget_type=\"template.default\">\n\t\t\t\t<div class=\"elementor-widget-container\">\n\t\t\t\t\t\t\t<div class=\"elementor-template\">\n\t\t\t\t\t<div data-elementor-type=\"page\" data-elementor-id=\"1162\" class=\"elementor elementor-1162\" data-elementor-post-type=\"elementor_library\">\n\t\t\t\t<div class=\"elementor-element elementor-element-c8029b4 e-flex e-con-boxed e-con e-parent\" data-id=\"c8029b4\" data-element_type=\"container\" data-settings=\"{&quot;jet_parallax_layout_list&quot;:[{&quot;jet_parallax_layout_image&quot;:{&quot;url&quot;:&quot;&quot;,&quot;id&quot;:&quot;&quot;,&quot;size&quot;:&quot;&quot;},&quot;_id&quot;:&quot;d9c892f&quot;,&quot;jet_parallax_layout_image_tablet&quot;:{&quot;url&quot;:&quot;&quot;,&quot;id&quot;:&quot;&quot;,&quot;size&quot;:&quot;&quot;},&quot;jet_parallax_layout_image_mobile&quot;:{&quot;url&quot;:&quot;&quot;,&quot;id&quot;:&quot;&quot;,&quot;size&quot;:&quot;&quot;},&quot;jet_parallax_layout_speed&quot;:{&quot;unit&quot;:&quot;%&quot;,&quot;size&quot;:50,&quot;sizes&quot;:[]},&quot;jet_parallax_layout_type&quot;:&quot;scroll&quot;,&quot;jet_parallax_layout_direction&quot;:null,&quot;jet_parallax_layout_fx_direction&quot;:null,&quot;jet_parallax_layout_z_index&quot;:&quot;&quot;,&quot;jet_parallax_layout_bg_x&quot;:50,&quot;jet_parallax_layout_bg_x_tablet&quot;:&quot;&quot;,&quot;jet_parallax_layout_bg_x_mobile&quot;:&quot;&quot;,&quot;jet_parallax_layout_bg_y&quot;:50,&quot;jet_parallax_layout_bg_y_tablet&quot;:&quot;&quot;,&quot;jet_parallax_layout_bg_y_mobile&quot;:&quot;&quot;,&quot;jet_parallax_layout_bg_size&quot;:&quot;auto&quot;,&quot;jet_parallax_layout_bg_size_tablet&quot;:&quot;&quot;,&quot;jet_parallax_layout_bg_size_mobile&quot;:&quot;&quot;,&quot;jet_parallax_layout_animation_prop&quot;:&quot;transform&quot;,&quot;jet_parallax_layout_on&quot;:[&quot;desktop&quot;,&quot;tablet&quot;]}]}\">\n\t\t\t\t\t<div class=\"e-con-inner\">\n\t\t\t\t<div class=\"elementor-element elementor-element-a2d04d4 elementor-widget elementor-widget-spacer\" data-id=\"a2d04d4\" data-element_type=\"widget\" data-widget_type=\"spacer.default\">\n\t\t\t\t<div class=\"elementor-widget-container\">\n\t\t\t\t\t\t\t<div class=\"elementor-spacer\">\n\t\t\t<div class=\"elementor-spacer-inner\"><\/div>\n\t\t<\/div>\n\t\t\t\t\t\t<\/div>\n\t\t\t\t<\/div>\n\t\t\t\t<div class=\"elementor-element elementor-element-3b2fcaa elementor-widget elementor-widget-heading\" data-id=\"3b2fcaa\" data-element_type=\"widget\" id=\"non-breaking\" data-widget_type=\"heading.default\">\n\t\t\t\t<div class=\"elementor-widget-container\">\n\t\t\t\t\t<p class=\"elementor-heading-title elementor-size-default\">Weitere Themen, die Sie interessieren k\u00f6nnten<\/p>\t\t\t\t<\/div>\n\t\t\t\t<\/div>\n\t\t\t\t<div class=\"elementor-element elementor-element-188a530 raven-hover-scale-up elementor-widget elementor-widget-raven-posts\" data-id=\"188a530\" data-element_type=\"widget\" data-settings=\"{&quot;classic_columns&quot;:&quot;4&quot;,&quot;query_posts_per_page&quot;:4,&quot;_skin&quot;:&quot;classic&quot;,&quot;classic_layout&quot;:&quot;grid&quot;,&quot;classic_columns_tablet&quot;:&quot;2&quot;,&quot;classic_columns_mobile&quot;:&quot;1&quot;,&quot;query_offset&quot;:0}\" data-widget_type=\"raven-posts.classic\">\n\t\t\t\t<div class=\"elementor-widget-container\">\n\t\t\t\t\t\t\t<div class=\"raven-posts raven-grid raven-grid-4 raven-grid-mobile-1 raven-grid-tablet-2\" data-post-id=\"1162\" data-archive-query=\"\" data-lang=\"\">\r\n\t\t\t\t<div class=\"raven-grid-item raven-post-item post-17298 page type-page status-publish hentry\">\r\n\t\t\t<div class=\"raven-post elementor-animation-grow\">\r\n\t\t\t\t\t\t\t\t<div class=\"raven-post-content\">\r\n\t\t\t\t\t<h3 class=\"raven-post-title\"><a class=\"raven-post-title-link\" href=\"https:\/\/report-youthhostel.ch\/2024\/fr\/confidentialite\/\">Confidentialit\u00e9<\/a><\/h3>\t\t\t\t<\/div>\r\n\t\t\t<\/div>\r\n\t\t<\/div>\r\n\t\t\t\t<div class=\"raven-grid-item raven-post-item post-17105 page type-page status-publish hentry\">\r\n\t\t\t<div class=\"raven-post elementor-animation-grow\">\r\n\t\t\t\t\t\t\t\t<div class=\"raven-post-content\">\r\n\t\t\t\t\t<h3 class=\"raven-post-title\"><a class=\"raven-post-title-link\" href=\"https:\/\/report-youthhostel.ch\/2024\/en\/publishing-information\/\">Publishing information<\/a><\/h3>\t\t\t\t<\/div>\r\n\t\t\t<\/div>\r\n\t\t<\/div>\r\n\t\t\t\t<div class=\"raven-grid-item raven-post-item post-9255 page type-page status-publish has-post-thumbnail hentry\">\r\n\t\t\t<div class=\"raven-post elementor-animation-grow\">\r\n\t\t\t\t\t\t<div class=\"raven-post-image-wrap\">\r\n\t\t\t<a class=\"raven-post-image raven-image-fit\" href=\"https:\/\/report-youthhostel.ch\/2024\/fokus-2024\/verhaeltnis-zur-umwelt\/\"><img fetchpriority=\"high\" decoding=\"async\" width=\"1000\" height=\"1144\" src=\"https:\/\/report-youthhostel.ch\/2024\/wp-content\/uploads\/sites\/6\/Jugendherberge-Scuol-Sommer-Aussenansicht-Ralph_Feiner-04_mobile.jpg\" class=\"attachment-large size-large wp-image-16384\" alt=\"\" srcset=\"https:\/\/report-youthhostel.ch\/2024\/wp-content\/uploads\/sites\/6\/Jugendherberge-Scuol-Sommer-Aussenansicht-Ralph_Feiner-04_mobile.jpg 1000w, https:\/\/report-youthhostel.ch\/2024\/wp-content\/uploads\/sites\/6\/Jugendherberge-Scuol-Sommer-Aussenansicht-Ralph_Feiner-04_mobile-768x879.jpg 768w\" sizes=\"(max-width: 1000px) 100vw, 1000px\" \/> <span class=\"raven-post-image-overlay\"><\/span><\/a>\t\t<\/div>\r\n\t\t\t\t\t\t<div class=\"raven-post-content\">\r\n\t\t\t\t\t<h3 class=\"raven-post-title\"><a class=\"raven-post-title-link\" href=\"https:\/\/report-youthhostel.ch\/2024\/fokus-2024\/verhaeltnis-zur-umwelt\/\">Verh\u00e4ltnis zur Umwelt<\/a><\/h3>\t\t\t\t<\/div>\r\n\t\t\t<\/div>\r\n\t\t<\/div>\r\n\t\t\t\t<div class=\"raven-grid-item raven-post-item post-16845 page type-page status-publish has-post-thumbnail hentry\">\r\n\t\t\t<div class=\"raven-post elementor-animation-grow\">\r\n\t\t\t\t\t\t<div class=\"raven-post-image-wrap\">\r\n\t\t\t<a class=\"raven-post-image raven-image-fit\" href=\"https:\/\/report-youthhostel.ch\/2024\/fr\/avant-propos\/hotes\/\"><img decoding=\"async\" width=\"2500\" height=\"1667\" src=\"https:\/\/report-youthhostel.ch\/2024\/wp-content\/uploads\/sites\/6\/sjh-2024-fokus-gaeste-headerbild-jugendherberge-crans-montana.jpg\" class=\"attachment-large size-large wp-image-15942\" alt=\"\" srcset=\"https:\/\/report-youthhostel.ch\/2024\/wp-content\/uploads\/sites\/6\/sjh-2024-fokus-gaeste-headerbild-jugendherberge-crans-montana.jpg 2500w, https:\/\/report-youthhostel.ch\/2024\/wp-content\/uploads\/sites\/6\/sjh-2024-fokus-gaeste-headerbild-jugendherberge-crans-montana-768x512.jpg 768w, https:\/\/report-youthhostel.ch\/2024\/wp-content\/uploads\/sites\/6\/sjh-2024-fokus-gaeste-headerbild-jugendherberge-crans-montana-1536x1024.jpg 1536w, https:\/\/report-youthhostel.ch\/2024\/wp-content\/uploads\/sites\/6\/sjh-2024-fokus-gaeste-headerbild-jugendherberge-crans-montana-2048x1366.jpg 2048w\" sizes=\"(max-width: 2500px) 100vw, 2500px\" \/> <span class=\"raven-post-image-overlay\"><\/span><\/a>\t\t<\/div>\r\n\t\t\t\t\t\t<div class=\"raven-post-content\">\r\n\t\t\t\t\t<h3 class=\"raven-post-title\"><a class=\"raven-post-title-link\" href=\"https:\/\/report-youthhostel.ch\/2024\/fr\/avant-propos\/hotes\/\">H\u00f4tes<\/a><\/h3>\t\t\t\t<\/div>\r\n\t\t\t<\/div>\r\n\t\t<\/div>\r\n\t\t\t\t<\/div>\r\n\t\t\t\t\t\t<\/div>\n\t\t\t\t<\/div>\n\t\t\t\t<div class=\"elementor-element elementor-element-938b8d6 elementor-widget elementor-widget-spacer\" data-id=\"938b8d6\" data-element_type=\"widget\" data-widget_type=\"spacer.default\">\n\t\t\t\t<div class=\"elementor-widget-container\">\n\t\t\t\t\t\t\t<div class=\"elementor-spacer\">\n\t\t\t<div class=\"elementor-spacer-inner\"><\/div>\n\t\t<\/div>\n\t\t\t\t\t\t<\/div>\n\t\t\t\t<\/div>\n\t\t\t\t\t<\/div>\n\t\t\t\t<\/div>\n\t\t\t\t<\/div>\n\t\t\t\t<\/div>\n\t\t\t\t\t\t<\/div>\n\t\t\t\t<\/div>\n\t\t\t\t\t<\/div>\n\t\t\t\t<\/div>\n\t\t\t\t<\/div>\n\t\t","protected":false},"excerpt":{"rendered":"<p>R\u00fcckblick und Ausblick 2025 Klimaziele, Digital-projekte und Netzwerkentwicklung Modellbild Jugendherberge Genf, Er\u00f6ffnung Juli 2026 Klimastrategie Die Schweizerische Stiftung f\u00fcr Sozialtourismus und die Schweizer Jugendherbergen engagieren sich im Rahmen ihrer Gesamtstrategie einer nachhaltigen Unternehmensf\u00fchrung seit vielen Jahren f\u00fcr einen wirksamen Klimaschutz. Dabei verfolgen sie seit Mitte der 90er-Jahre die systematische Reduktion der sch\u00e4dlichen CO2-Emissionen. Seit dem [&hellip;]<\/p>\n","protected":false},"author":1,"featured_media":16305,"parent":0,"menu_order":0,"comment_status":"closed","ping_status":"closed","template":"elementor_header_footer","meta":{"footnotes":""},"class_list":["post-9285","page","type-page","status-publish","has-post-thumbnail","hentry"],"_links":{"self":[{"href":"https:\/\/report-youthhostel.ch\/2024\/wp-json\/wp\/v2\/pages\/9285","targetHints":{"allow":["GET"]}}],"collection":[{"href":"https:\/\/report-youthhostel.ch\/2024\/wp-json\/wp\/v2\/pages"}],"about":[{"href":"https:\/\/report-youthhostel.ch\/2024\/wp-json\/wp\/v2\/types\/page"}],"author":[{"embeddable":true,"href":"https:\/\/report-youthhostel.ch\/2024\/wp-json\/wp\/v2\/users\/1"}],"replies":[{"embeddable":true,"href":"https:\/\/report-youthhostel.ch\/2024\/wp-json\/wp\/v2\/comments?post=9285"}],"version-history":[{"count":198,"href":"https:\/\/report-youthhostel.ch\/2024\/wp-json\/wp\/v2\/pages\/9285\/revisions"}],"predecessor-version":[{"id":17585,"href":"https:\/\/report-youthhostel.ch\/2024\/wp-json\/wp\/v2\/pages\/9285\/revisions\/17585"}],"wp:featuredmedia":[{"embeddable":true,"href":"https:\/\/report-youthhostel.ch\/2024\/wp-json\/wp\/v2\/media\/16305"}],"wp:attachment":[{"href":"https:\/\/report-youthhostel.ch\/2024\/wp-json\/wp\/v2\/media?parent=9285"}],"curies":[{"name":"wp","href":"https:\/\/api.w.org\/{rel}","templated":true}]}}