{"id":16936,"date":"2025-04-09T17:35:50","date_gmt":"2025-04-09T15:35:50","guid":{"rendered":"https:\/\/report-youthhostel.ch\/2025\/?page_id=16936"},"modified":"2025-05-15T15:43:43","modified_gmt":"2025-05-15T13:43:43","slug":"retro-perspectives","status":"publish","type":"page","link":"https:\/\/report-youthhostel.ch\/2024\/fr\/retro-perspectives\/","title":{"rendered":"R\u00e9tro-\/perspectives"},"content":{"rendered":"\t\t<div data-elementor-type=\"wp-page\" data-elementor-id=\"16936\" class=\"elementor elementor-16936\" data-elementor-post-type=\"page\">\n\t\t\t\t<div class=\"elementor-element elementor-element-8b7d8f9 e-flex e-con-boxed e-con e-parent\" data-id=\"8b7d8f9\" data-element_type=\"container\" data-settings=\"{&quot;background_background&quot;:&quot;classic&quot;,&quot;jet_parallax_layout_list&quot;:[]}\">\n\t\t\t\t\t<div class=\"e-con-inner\">\n\t\t<div class=\"elementor-element elementor-element-bec5818 e-flex e-con-boxed e-con e-child\" data-id=\"bec5818\" data-element_type=\"container\" data-settings=\"{&quot;jet_parallax_layout_list&quot;:[]}\">\n\t\t\t\t\t<div class=\"e-con-inner\">\n\t\t\t\t<div class=\"elementor-element elementor-element-7174728 elementor-widget elementor-widget-heading\" data-id=\"7174728\" data-element_type=\"widget\" id=\"subtitle-underline\" data-widget_type=\"heading.default\">\n\t\t\t\t<div class=\"elementor-widget-container\">\n\t\t\t\t\t<p class=\"elementor-heading-title elementor-size-default\">R\u00e9trospective et perspectives 2025<\/p>\t\t\t\t<\/div>\n\t\t\t\t<\/div>\n\t\t\t\t<div class=\"elementor-element elementor-element-f32bd67 elementor-widget elementor-widget-heading\" data-id=\"f32bd67\" data-element_type=\"widget\" data-widget_type=\"heading.default\">\n\t\t\t\t<div class=\"elementor-widget-container\">\n\t\t\t\t\t<h1 class=\"elementor-heading-title elementor-size-default\">Objectifs climatiques, projets num\u00e9riques et d\u00e9veloppement du r\u00e9seau<\/h1>\t\t\t\t<\/div>\n\t\t\t\t<\/div>\n\t\t\t\t\t<\/div>\n\t\t\t\t<\/div>\n\t\t\t\t\t<\/div>\n\t\t\t\t<\/div>\n\t\t<div class=\"elementor-element elementor-element-1039953 e-con-full e-flex e-con e-parent\" data-id=\"1039953\" data-element_type=\"container\" data-settings=\"{&quot;background_background&quot;:&quot;classic&quot;,&quot;jet_parallax_layout_list&quot;:[]}\">\n\t\t\t\t<\/div>\n\t\t<div class=\"elementor-element elementor-element-0b7f751 e-flex e-con-boxed e-con e-parent\" data-id=\"0b7f751\" data-element_type=\"container\" data-settings=\"{&quot;jet_parallax_layout_list&quot;:[]}\">\n\t\t\t\t\t<div class=\"e-con-inner\">\n\t\t\t\t<div class=\"elementor-element elementor-element-cc3ba41 elementor-widget elementor-widget-text-editor\" data-id=\"cc3ba41\" data-element_type=\"widget\" data-widget_type=\"text-editor.default\">\n\t\t\t\t<div class=\"elementor-widget-container\">\n\t\t\t\t\t\t\t\t\t<p>Maquette de l&#8217;Auberge de Jeunesse de Gen\u00e8ve, ouverture juillet 2026<\/p>\t\t\t\t\t\t\t\t<\/div>\n\t\t\t\t<\/div>\n\t\t\t\t\t<\/div>\n\t\t\t\t<\/div>\n\t\t<div class=\"elementor-element elementor-element-1165ed7 e-flex e-con-boxed e-con e-parent\" data-id=\"1165ed7\" data-element_type=\"container\" data-settings=\"{&quot;jet_parallax_layout_list&quot;:[]}\">\n\t\t\t\t\t<div class=\"e-con-inner\">\n\t\t\t\t<div class=\"elementor-element elementor-element-87b6fb9 elementor-widget elementor-widget-heading\" data-id=\"87b6fb9\" data-element_type=\"widget\" data-widget_type=\"heading.default\">\n\t\t\t\t<div class=\"elementor-widget-container\">\n\t\t\t\t\t<h2 class=\"elementor-heading-title elementor-size-default\">Strat\u00e9gie climatique<\/h2>\t\t\t\t<\/div>\n\t\t\t\t<\/div>\n\t\t\t\t<div class=\"elementor-element elementor-element-662ac6c elementor-widget elementor-widget-text-editor\" data-id=\"662ac6c\" data-element_type=\"widget\" data-widget_type=\"text-editor.default\">\n\t\t\t\t<div class=\"elementor-widget-container\">\n\t\t\t\t\t\t\t\t\t<p>Dans le cadre de leur strat\u00e9gie globale de gestion d\u2019entreprise durable, la Fondation Suisse pour le Tourisme Social et les Auberges de Jeunesse Suisses s\u2019engagent depuis de nombreuses ann\u00e9es pour une protection efficace du climat. Depuis le milieu des ann\u00e9es 1990, elles s\u2019efforcent ainsi de r\u00e9duire syst\u00e9matiquement leurs \u00e9missions nocives de CO<sub>2<\/sub>.<\/p><p>Depuis 2008, elles se sont engag\u00e9es aupr\u00e8s de l\u2019Office f\u00e9d\u00e9ral de l\u2019environnement (OFEV) \u00e0 r\u00e9duire leurs \u00e9missions de CO<sub>2<\/sub>. Une trajectoire de r\u00e9duction assortie d\u2019un engagement de r\u00e9duction a \u00e9t\u00e9 suivie pendant la p\u00e9riode allant de 2008 \u00e0 2024. Le principe fondamental en est le suivant\u00a0: d\u2019abord \u00e9viter, ensuite r\u00e9duire et compenser le reste. Les objectifs ambitieux convenus pour l\u2019ensemble de la p\u00e9riode contractuelle de 17\u00a0ans ont m\u00eame pu \u00eatre d\u00e9pass\u00e9s, et la charge sp\u00e9cifique de CO<sub>2<\/sub> a \u00e9t\u00e9 r\u00e9duite de 67\u00a0% \u2013 un \u00e9norme succ\u00e8s\u00a0!<\/p><p>Avec leur strat\u00e9gie climatique, les deux organisations entendent continuer \u00e0 jouer un r\u00f4le de pionnier et atteindre l\u2019objectif z\u00e9ro \u00e9mission nette (-90 %) le plus t\u00f4t possible avant 2050. Pour ce faire, elles concluront une nouvelle convention d\u2019objectifs sur le mod\u00e8le de l\u2019approche qui a pleinement fait ses preuves jusqu\u2019\u00e0 pr\u00e9sent et \u00e9laboreront un plan de d\u00e9carbonation d\u00e9taill\u00e9.<\/p>\t\t\t\t\t\t\t\t<\/div>\n\t\t\t\t<\/div>\n\t\t\t\t<div class=\"elementor-element elementor-element-6536ba5 elementor-widget elementor-widget-heading\" data-id=\"6536ba5\" data-element_type=\"widget\" data-widget_type=\"heading.default\">\n\t\t\t\t<div class=\"elementor-widget-container\">\n\t\t\t\t\t<h2 class=\"elementor-heading-title elementor-size-default\">Projets de d\u00e9veloppement num\u00e9rique<\/h2>\t\t\t\t<\/div>\n\t\t\t\t<\/div>\n\t\t\t\t<div class=\"elementor-element elementor-element-cc26503 elementor-widget elementor-widget-text-editor\" data-id=\"cc26503\" data-element_type=\"widget\" data-widget_type=\"text-editor.default\">\n\t\t\t\t<div class=\"elementor-widget-container\">\n\t\t\t\t\t\t\t\t\t<p>D\u00e9but 2025, une nouvelle barre de r\u00e9servation a \u00e9t\u00e9 lanc\u00e9e sur le site web <span style=\"text-decoration: underline; color: #5091cd;\"><a style=\"color: #5091cd; text-decoration: underline;\" href=\"http:\/\/www.youthhostel.ch\" target=\"_blank\" rel=\"noopener\">www.youthhostel.ch<\/a><\/span>. Il est d\u00e9sormais possible d\u2019afficher tr\u00e8s facilement les auberges de jeunesse avec leurs disponibilit\u00e9s. Cette fonction est surtout utile aux personnes qui se d\u00e9cident \u00e0 la derni\u00e8re minute et sont flexibles quant au choix de leur destination.<\/p><p>La nouvelle barre de r\u00e9servation s\u2019inscrit dans une strat\u00e9gie globale de num\u00e9risation. Le portail pour les h\u00f4tes <a href=\"http:\/\/my.youthhostel.ch\" target=\"_blank\" rel=\"noopener\"><span style=\"text-decoration: underline;\">my.youthhostel.ch<\/span><\/a> a \u00e9t\u00e9 lanc\u00e9 en 2024. Il permet \u00e0 nos membres et aux utilisatrices et utilisateurs enregistr\u00e9s d\u2019acheter en ligne et de g\u00e9rer facilement leurs donn\u00e9es personnelles. La nouvelle plateforme de r\u00e9servation sera lanc\u00e9e dans le courant de l\u2019ann\u00e9e 2025. Elle comprendra des fonctions suppl\u00e9mentaires qui permettront de r\u00e9server des prestations de tiers en plus de l\u2019h\u00e9bergement et de la restauration dans les auberges de jeunesse. Dans une prochaine \u00e9tape du projet, les demandes de r\u00e9servation pour les groupes et les \u00e9coles seront \u00e9galement simplifi\u00e9es. Malgr\u00e9 les nombreuses \u00e9tapes de d\u00e9veloppement pr\u00e9vues dans le domaine de la num\u00e9risation, les relations humaines resteront au centre des priorit\u00e9s de nos auberges de jeunesse\u00a0!<\/p>\t\t\t\t\t\t\t\t<\/div>\n\t\t\t\t<\/div>\n\t\t\t\t<div class=\"elementor-element elementor-element-cf94033 elementor-widget elementor-widget-heading\" data-id=\"cf94033\" data-element_type=\"widget\" data-widget_type=\"heading.default\">\n\t\t\t\t<div class=\"elementor-widget-container\">\n\t\t\t\t\t<h2 class=\"elementor-heading-title elementor-size-default\">Projets actuels des auberges de jeunesse<\/h2>\t\t\t\t<\/div>\n\t\t\t\t<\/div>\n\t\t\t\t<div class=\"elementor-element elementor-element-c1bab82 elementor-widget elementor-widget-text-editor\" data-id=\"c1bab82\" data-element_type=\"widget\" data-widget_type=\"text-editor.default\">\n\t\t\t\t<div class=\"elementor-widget-container\">\n\t\t\t\t\t\t\t\t\t<p>En 2022, la ville de <span style=\"color: #5091cd;\">Martigny<\/span> a contact\u00e9 la Fondation Suisse pour le Tourisme Social concernant un projet d\u2019auberge de jeunesse dans le \u00ab\u00a0B\u00e2timent de l\u2019Horloge\u00a0\u00bb, un immeuble historique. La r\u00e9alisation de l\u2019auberge de jeunesse, d\u2019une capacit\u00e9 de 48\u00a0lits, a \u00e9t\u00e9 imm\u00e9diatement lanc\u00e9e. Elle a \u00e9t\u00e9 financ\u00e9e par le m\u00e9c\u00e8ne L\u00e9onard Gianadda, malheureusement d\u00e9c\u00e9d\u00e9 aujourd\u2019hui. Le b\u00e2timent, class\u00e9 monument historique, a ouvert ses portes le 28\u00a0f\u00e9vrier\u00a02025 \u00e0 l\u2019issue d\u2019importants travaux de r\u00e9novation et de transformation.<\/p><p><span style=\"color: #5091cd;\">Gen\u00e8ve<\/span> est une destination extr\u00eamement importante pour les Auberges de Jeunesse Suisses. Le r\u00e9sultat d\u2019un concours de projets portant sur la r\u00e9alisation d\u2019une auberge de jeunesse sur le site d\u2019un complexe sportif de la ville a pu \u00eatre d\u00e9velopp\u00e9. Avec l\u2019auberge de jeunesse, la ville de Gen\u00e8ve dispose d\u2019une offre de lits accessible dont elle avait absolument besoin pour le centre sportif. Cela permet de combler une lacune importante du r\u00e9seau. Les travaux ont d\u00e9but\u00e9 le 1<sup>er<\/sup>\u00a0juillet\u00a02024. L\u2019ouverture de la nouvelle auberge de jeunesse est pr\u00e9vue pour l\u2019\u00e9t\u00e9 2026.<\/p><p>Depuis 2006 et la reprise de l\u2019exploitation par les Auberges de Jeunesse Suisses, la Fondation Suisse pour le Tourisme Social loue le \u00ab\u00a0Jeunotel\u00a0\u00bb, construit de 1991 \u00e0 1993, \u00e0 la ville de <span style=\"color: #5091cd;\">Lausanne<\/span>. Apr\u00e8s plus de 30\u00a0ans d\u2019exploitation, l\u2019auberge de jeunesse a urgemment besoin d\u2019un assainissement \u00e9nerg\u00e9tique et substantiel. Le cadre doit \u00e9galement \u00eatre am\u00e9lior\u00e9. Fin 2024, un accord de collaboration sur le projet et une prolongation du bail ont \u00e9t\u00e9 sign\u00e9s par les deux parties. Le projet a \u00e9galement \u00e9t\u00e9 lanc\u00e9 avant la fin de l\u2019ann\u00e9e.<\/p>\t\t\t\t\t\t\t\t<\/div>\n\t\t\t\t<\/div>\n\t\t\t\t<div class=\"elementor-element elementor-element-981ffb6 elementor-widget elementor-widget-heading\" data-id=\"981ffb6\" data-element_type=\"widget\" data-widget_type=\"heading.default\">\n\t\t\t\t<div class=\"elementor-widget-container\">\n\t\t\t\t\t<h2 class=\"elementor-heading-title elementor-size-default\">Nouveaux bureaux<\/h2>\t\t\t\t<\/div>\n\t\t\t\t<\/div>\n\t\t\t\t<div class=\"elementor-element elementor-element-4227bfb elementor-widget elementor-widget-text-editor\" data-id=\"4227bfb\" data-element_type=\"widget\" data-widget_type=\"text-editor.default\">\n\t\t\t\t<div class=\"elementor-widget-container\">\n\t\t\t\t\t\t\t\t\t<p>Depuis plus de 30\u00a0ans, les bureaux des Auberges de Jeunesse Suisses et de la Fondation Suisse pour le Tourisme Social se trouvent au num\u00e9ro\u00a014 de la Schaffhauserstrasse, \u00e0 Zurich. Fin 2025, nous d\u00e9m\u00e9nagerons dans un nouvel espace de bureaux moderne. Le groupe de projet commun a d\u2019ores et d\u00e9j\u00e0 trouv\u00e9 les locaux ad\u00e9quats au centre de Zurich et a commenc\u00e9 \u00e0 planifier les transformations n\u00e9cessaires.<\/p><p>\u00a0<\/p><p>En avril 2025<\/p>\t\t\t\t\t\t\t\t<\/div>\n\t\t\t\t<\/div>\n\t\t\t\t\t<\/div>\n\t\t\t\t<\/div>\n\t\t<div class=\"elementor-element elementor-element-abbe51b e-flex e-con-boxed e-con e-parent\" data-id=\"abbe51b\" data-element_type=\"container\" data-settings=\"{&quot;jet_parallax_layout_list&quot;:[]}\">\n\t\t\t\t\t<div class=\"e-con-inner\">\n\t\t\t\t<div class=\"elementor-element elementor-element-4c9babf elementor-widget elementor-widget-template\" data-id=\"4c9babf\" data-element_type=\"widget\" data-widget_type=\"template.default\">\n\t\t\t\t<div class=\"elementor-widget-container\">\n\t\t\t\t\t\t\t<div class=\"elementor-template\">\n\t\t\t\t\t<div data-elementor-type=\"page\" data-elementor-id=\"1162\" class=\"elementor elementor-1162\" data-elementor-post-type=\"elementor_library\">\n\t\t\t\t<div class=\"elementor-element elementor-element-c8029b4 e-flex e-con-boxed e-con e-parent\" data-id=\"c8029b4\" data-element_type=\"container\" data-settings=\"{&quot;jet_parallax_layout_list&quot;:[{&quot;jet_parallax_layout_image&quot;:{&quot;url&quot;:&quot;&quot;,&quot;id&quot;:&quot;&quot;,&quot;size&quot;:&quot;&quot;},&quot;_id&quot;:&quot;d9c892f&quot;,&quot;jet_parallax_layout_image_tablet&quot;:{&quot;url&quot;:&quot;&quot;,&quot;id&quot;:&quot;&quot;,&quot;size&quot;:&quot;&quot;},&quot;jet_parallax_layout_image_mobile&quot;:{&quot;url&quot;:&quot;&quot;,&quot;id&quot;:&quot;&quot;,&quot;size&quot;:&quot;&quot;},&quot;jet_parallax_layout_speed&quot;:{&quot;unit&quot;:&quot;%&quot;,&quot;size&quot;:50,&quot;sizes&quot;:[]},&quot;jet_parallax_layout_type&quot;:&quot;scroll&quot;,&quot;jet_parallax_layout_direction&quot;:null,&quot;jet_parallax_layout_fx_direction&quot;:null,&quot;jet_parallax_layout_z_index&quot;:&quot;&quot;,&quot;jet_parallax_layout_bg_x&quot;:50,&quot;jet_parallax_layout_bg_x_tablet&quot;:&quot;&quot;,&quot;jet_parallax_layout_bg_x_mobile&quot;:&quot;&quot;,&quot;jet_parallax_layout_bg_y&quot;:50,&quot;jet_parallax_layout_bg_y_tablet&quot;:&quot;&quot;,&quot;jet_parallax_layout_bg_y_mobile&quot;:&quot;&quot;,&quot;jet_parallax_layout_bg_size&quot;:&quot;auto&quot;,&quot;jet_parallax_layout_bg_size_tablet&quot;:&quot;&quot;,&quot;jet_parallax_layout_bg_size_mobile&quot;:&quot;&quot;,&quot;jet_parallax_layout_animation_prop&quot;:&quot;transform&quot;,&quot;jet_parallax_layout_on&quot;:[&quot;desktop&quot;,&quot;tablet&quot;]}]}\">\n\t\t\t\t\t<div class=\"e-con-inner\">\n\t\t\t\t<div class=\"elementor-element elementor-element-a2d04d4 elementor-widget elementor-widget-spacer\" data-id=\"a2d04d4\" data-element_type=\"widget\" data-widget_type=\"spacer.default\">\n\t\t\t\t<div class=\"elementor-widget-container\">\n\t\t\t\t\t\t\t<div class=\"elementor-spacer\">\n\t\t\t<div class=\"elementor-spacer-inner\"><\/div>\n\t\t<\/div>\n\t\t\t\t\t\t<\/div>\n\t\t\t\t<\/div>\n\t\t\t\t<div class=\"elementor-element elementor-element-3b2fcaa elementor-widget elementor-widget-heading\" data-id=\"3b2fcaa\" data-element_type=\"widget\" id=\"non-breaking\" data-widget_type=\"heading.default\">\n\t\t\t\t<div class=\"elementor-widget-container\">\n\t\t\t\t\t<p class=\"elementor-heading-title elementor-size-default\">Weitere Themen, die Sie interessieren k\u00f6nnten<\/p>\t\t\t\t<\/div>\n\t\t\t\t<\/div>\n\t\t\t\t<div class=\"elementor-element elementor-element-188a530 raven-hover-scale-up elementor-widget elementor-widget-raven-posts\" data-id=\"188a530\" data-element_type=\"widget\" data-settings=\"{&quot;classic_columns&quot;:&quot;4&quot;,&quot;query_posts_per_page&quot;:4,&quot;_skin&quot;:&quot;classic&quot;,&quot;classic_layout&quot;:&quot;grid&quot;,&quot;classic_columns_tablet&quot;:&quot;2&quot;,&quot;classic_columns_mobile&quot;:&quot;1&quot;,&quot;query_offset&quot;:0}\" data-widget_type=\"raven-posts.classic\">\n\t\t\t\t<div class=\"elementor-widget-container\">\n\t\t\t\t\t\t\t<div class=\"raven-posts raven-grid raven-grid-4 raven-grid-mobile-1 raven-grid-tablet-2\" data-post-id=\"1162\" data-archive-query=\"\" data-lang=\"\">\r\n\t\t\t\t<div class=\"raven-grid-item raven-post-item post-9249 page type-page status-publish has-post-thumbnail hentry\">\r\n\t\t\t<div class=\"raven-post elementor-animation-grow\">\r\n\t\t\t\t\t\t<div class=\"raven-post-image-wrap\">\r\n\t\t\t<a class=\"raven-post-image raven-image-fit\" href=\"https:\/\/report-youthhostel.ch\/2024\/fokus-2024\/partnerinnen-goennerinnen\/\"><img fetchpriority=\"high\" decoding=\"async\" width=\"1000\" height=\"1144\" src=\"https:\/\/report-youthhostel.ch\/2024\/wp-content\/uploads\/sites\/6\/Jugendherberge-Basel-hindernisfreies-Zimmer-2-Bett-mit-Gast-Schweizer_Jugendherbergen-03_mobile.jpg\" class=\"attachment-large size-large wp-image-16369\" alt=\"\" srcset=\"https:\/\/report-youthhostel.ch\/2024\/wp-content\/uploads\/sites\/6\/Jugendherberge-Basel-hindernisfreies-Zimmer-2-Bett-mit-Gast-Schweizer_Jugendherbergen-03_mobile.jpg 1000w, https:\/\/report-youthhostel.ch\/2024\/wp-content\/uploads\/sites\/6\/Jugendherberge-Basel-hindernisfreies-Zimmer-2-Bett-mit-Gast-Schweizer_Jugendherbergen-03_mobile-768x879.jpg 768w\" sizes=\"(max-width: 1000px) 100vw, 1000px\" \/> <span class=\"raven-post-image-overlay\"><\/span><\/a>\t\t<\/div>\r\n\t\t\t\t\t\t<div class=\"raven-post-content\">\r\n\t\t\t\t\t<h3 class=\"raven-post-title\"><a class=\"raven-post-title-link\" href=\"https:\/\/report-youthhostel.ch\/2024\/fokus-2024\/partnerinnen-goennerinnen\/\">Partner*innen, G\u00f6nner*innen<\/a><\/h3>\t\t\t\t<\/div>\r\n\t\t\t<\/div>\r\n\t\t<\/div>\r\n\t\t\t\t<div class=\"raven-grid-item raven-post-item post-9297 page type-page status-publish has-post-thumbnail hentry\">\r\n\t\t\t<div class=\"raven-post elementor-animation-grow\">\r\n\t\t\t\t\t\t<div class=\"raven-post-image-wrap\">\r\n\t\t\t<a class=\"raven-post-image raven-image-fit\" href=\"https:\/\/report-youthhostel.ch\/2024\/fokus-2024\/\"><img decoding=\"async\" width=\"2500\" height=\"1667\" src=\"https:\/\/report-youthhostel.ch\/2024\/wp-content\/uploads\/sites\/6\/sjh-2024-rueckblick-ausblick-headerbild-jugendherberge-martigny-1.jpg\" class=\"attachment-large size-large wp-image-16258\" alt=\"\" srcset=\"https:\/\/report-youthhostel.ch\/2024\/wp-content\/uploads\/sites\/6\/sjh-2024-rueckblick-ausblick-headerbild-jugendherberge-martigny-1.jpg 2500w, https:\/\/report-youthhostel.ch\/2024\/wp-content\/uploads\/sites\/6\/sjh-2024-rueckblick-ausblick-headerbild-jugendherberge-martigny-1-768x512.jpg 768w, https:\/\/report-youthhostel.ch\/2024\/wp-content\/uploads\/sites\/6\/sjh-2024-rueckblick-ausblick-headerbild-jugendherberge-martigny-1-1536x1024.jpg 1536w, https:\/\/report-youthhostel.ch\/2024\/wp-content\/uploads\/sites\/6\/sjh-2024-rueckblick-ausblick-headerbild-jugendherberge-martigny-1-2048x1366.jpg 2048w\" sizes=\"(max-width: 2500px) 100vw, 2500px\" \/> <span class=\"raven-post-image-overlay\"><\/span><\/a>\t\t<\/div>\r\n\t\t\t\t\t\t<div class=\"raven-post-content\">\r\n\t\t\t\t\t<h3 class=\"raven-post-title\"><a class=\"raven-post-title-link\" href=\"https:\/\/report-youthhostel.ch\/2024\/fokus-2024\/\">Vorwort<\/a><\/h3>\t\t\t\t<\/div>\r\n\t\t\t<\/div>\r\n\t\t<\/div>\r\n\t\t\t\t<div class=\"raven-grid-item raven-post-item post-9273 page type-page status-publish has-post-thumbnail hentry\">\r\n\t\t\t<div class=\"raven-post elementor-animation-grow\">\r\n\t\t\t\t\t\t<div class=\"raven-post-image-wrap\">\r\n\t\t\t<a class=\"raven-post-image raven-image-fit\" href=\"https:\/\/report-youthhostel.ch\/2024\/zahlen-und-fakten\/\"><img decoding=\"async\" width=\"2500\" height=\"886\" src=\"https:\/\/report-youthhostel.ch\/2024\/wp-content\/uploads\/sites\/6\/sjh-2024-Finanzbericht-Header.jpg\" class=\"attachment-large size-large wp-image-16315\" alt=\"\" srcset=\"https:\/\/report-youthhostel.ch\/2024\/wp-content\/uploads\/sites\/6\/sjh-2024-Finanzbericht-Header.jpg 2500w, https:\/\/report-youthhostel.ch\/2024\/wp-content\/uploads\/sites\/6\/sjh-2024-Finanzbericht-Header-768x272.jpg 768w, https:\/\/report-youthhostel.ch\/2024\/wp-content\/uploads\/sites\/6\/sjh-2024-Finanzbericht-Header-1536x544.jpg 1536w, https:\/\/report-youthhostel.ch\/2024\/wp-content\/uploads\/sites\/6\/sjh-2024-Finanzbericht-Header-2048x726.jpg 2048w\" sizes=\"(max-width: 2500px) 100vw, 2500px\" \/> <span class=\"raven-post-image-overlay\"><\/span><\/a>\t\t<\/div>\r\n\t\t\t\t\t\t<div class=\"raven-post-content\">\r\n\t\t\t\t\t<h3 class=\"raven-post-title\"><a class=\"raven-post-title-link\" href=\"https:\/\/report-youthhostel.ch\/2024\/zahlen-und-fakten\/\">Finanzbericht<\/a><\/h3>\t\t\t\t<\/div>\r\n\t\t\t<\/div>\r\n\t\t<\/div>\r\n\t\t\t\t<div class=\"raven-grid-item raven-post-item post-16978 page type-page status-publish has-post-thumbnail hentry\">\r\n\t\t\t<div class=\"raven-post elementor-animation-grow\">\r\n\t\t\t\t\t\t<div class=\"raven-post-image-wrap\">\r\n\t\t\t<a class=\"raven-post-image raven-image-fit\" href=\"https:\/\/report-youthhostel.ch\/2024\/en\/foreword\/portrait\/\"><img loading=\"lazy\" decoding=\"async\" width=\"2500\" height=\"1667\" src=\"https:\/\/report-youthhostel.ch\/2024\/wp-content\/uploads\/sites\/6\/sjh-2024-fokus-portrait-headerbild-jugendherberge-basel.jpg\" class=\"attachment-large size-large wp-image-15916\" alt=\"\" srcset=\"https:\/\/report-youthhostel.ch\/2024\/wp-content\/uploads\/sites\/6\/sjh-2024-fokus-portrait-headerbild-jugendherberge-basel.jpg 2500w, https:\/\/report-youthhostel.ch\/2024\/wp-content\/uploads\/sites\/6\/sjh-2024-fokus-portrait-headerbild-jugendherberge-basel-768x512.jpg 768w, https:\/\/report-youthhostel.ch\/2024\/wp-content\/uploads\/sites\/6\/sjh-2024-fokus-portrait-headerbild-jugendherberge-basel-1536x1024.jpg 1536w, https:\/\/report-youthhostel.ch\/2024\/wp-content\/uploads\/sites\/6\/sjh-2024-fokus-portrait-headerbild-jugendherberge-basel-2048x1366.jpg 2048w\" sizes=\"(max-width: 2500px) 100vw, 2500px\" \/> <span class=\"raven-post-image-overlay\"><\/span><\/a>\t\t<\/div>\r\n\t\t\t\t\t\t<div class=\"raven-post-content\">\r\n\t\t\t\t\t<h3 class=\"raven-post-title\"><a class=\"raven-post-title-link\" href=\"https:\/\/report-youthhostel.ch\/2024\/en\/foreword\/portrait\/\">Portrait<\/a><\/h3>\t\t\t\t<\/div>\r\n\t\t\t<\/div>\r\n\t\t<\/div>\r\n\t\t\t\t<\/div>\r\n\t\t\t\t\t\t<\/div>\n\t\t\t\t<\/div>\n\t\t\t\t<div class=\"elementor-element elementor-element-938b8d6 elementor-widget elementor-widget-spacer\" data-id=\"938b8d6\" data-element_type=\"widget\" data-widget_type=\"spacer.default\">\n\t\t\t\t<div class=\"elementor-widget-container\">\n\t\t\t\t\t\t\t<div class=\"elementor-spacer\">\n\t\t\t<div class=\"elementor-spacer-inner\"><\/div>\n\t\t<\/div>\n\t\t\t\t\t\t<\/div>\n\t\t\t\t<\/div>\n\t\t\t\t\t<\/div>\n\t\t\t\t<\/div>\n\t\t\t\t<\/div>\n\t\t\t\t<\/div>\n\t\t\t\t\t\t<\/div>\n\t\t\t\t<\/div>\n\t\t\t\t\t<\/div>\n\t\t\t\t<\/div>\n\t\t\t\t<\/div>\n\t\t","protected":false},"excerpt":{"rendered":"<p>R\u00e9trospective et perspectives 2025 Objectifs climatiques, projets num\u00e9riques et d\u00e9veloppement du r\u00e9seau Maquette de l&#8217;Auberge de Jeunesse de Gen\u00e8ve, ouverture juillet 2026 Strat\u00e9gie climatique Dans le cadre de leur strat\u00e9gie globale de gestion d\u2019entreprise durable, la Fondation Suisse pour le Tourisme Social et les Auberges de Jeunesse Suisses s\u2019engagent depuis de nombreuses ann\u00e9es pour une [&hellip;]<\/p>\n","protected":false},"author":1,"featured_media":16305,"parent":0,"menu_order":0,"comment_status":"closed","ping_status":"closed","template":"elementor_header_footer","meta":{"footnotes":""},"class_list":["post-16936","page","type-page","status-publish","has-post-thumbnail","hentry"],"_links":{"self":[{"href":"https:\/\/report-youthhostel.ch\/2024\/wp-json\/wp\/v2\/pages\/16936","targetHints":{"allow":["GET"]}}],"collection":[{"href":"https:\/\/report-youthhostel.ch\/2024\/wp-json\/wp\/v2\/pages"}],"about":[{"href":"https:\/\/report-youthhostel.ch\/2024\/wp-json\/wp\/v2\/types\/page"}],"author":[{"embeddable":true,"href":"https:\/\/report-youthhostel.ch\/2024\/wp-json\/wp\/v2\/users\/1"}],"replies":[{"embeddable":true,"href":"https:\/\/report-youthhostel.ch\/2024\/wp-json\/wp\/v2\/comments?post=16936"}],"version-history":[{"count":23,"href":"https:\/\/report-youthhostel.ch\/2024\/wp-json\/wp\/v2\/pages\/16936\/revisions"}],"predecessor-version":[{"id":17675,"href":"https:\/\/report-youthhostel.ch\/2024\/wp-json\/wp\/v2\/pages\/16936\/revisions\/17675"}],"wp:featuredmedia":[{"embeddable":true,"href":"https:\/\/report-youthhostel.ch\/2024\/wp-json\/wp\/v2\/media\/16305"}],"wp:attachment":[{"href":"https:\/\/report-youthhostel.ch\/2024\/wp-json\/wp\/v2\/media?parent=16936"}],"curies":[{"name":"wp","href":"https:\/\/api.w.org\/{rel}","templated":true}]}}