{"id":2483,"date":"2021-04-12T14:46:55","date_gmt":"2021-04-12T12:46:55","guid":{"rendered":"https:\/\/report-youthhostel.ch\/2023\/?page_id=2483"},"modified":"2021-05-25T21:55:16","modified_gmt":"2021-05-25T19:55:16","slug":"datenschutz","status":"publish","type":"page","link":"https:\/\/report-youthhostel.ch\/2023\/datenschutz\/","title":{"rendered":"Datenschutz"},"content":{"rendered":"\t\t<div data-elementor-type=\"wp-page\" data-elementor-id=\"2483\" class=\"elementor elementor-2483\" data-elementor-post-type=\"page\">\n\t\t\t\t\t\t<section class=\"elementor-section elementor-top-section elementor-element elementor-element-6e62e08 elementor-section-boxed elementor-section-height-default elementor-section-height-default\" data-id=\"6e62e08\" data-element_type=\"section\" data-settings=\"{&quot;jet_parallax_layout_list&quot;:[{&quot;jet_parallax_layout_image&quot;:{&quot;url&quot;:&quot;&quot;,&quot;id&quot;:&quot;&quot;,&quot;size&quot;:&quot;&quot;},&quot;_id&quot;:&quot;1d83222&quot;,&quot;jet_parallax_layout_image_tablet&quot;:{&quot;url&quot;:&quot;&quot;,&quot;id&quot;:&quot;&quot;,&quot;size&quot;:&quot;&quot;},&quot;jet_parallax_layout_image_mobile&quot;:{&quot;url&quot;:&quot;&quot;,&quot;id&quot;:&quot;&quot;,&quot;size&quot;:&quot;&quot;},&quot;jet_parallax_layout_speed&quot;:{&quot;unit&quot;:&quot;%&quot;,&quot;size&quot;:50,&quot;sizes&quot;:[]},&quot;jet_parallax_layout_type&quot;:&quot;scroll&quot;,&quot;jet_parallax_layout_direction&quot;:null,&quot;jet_parallax_layout_fx_direction&quot;:null,&quot;jet_parallax_layout_z_index&quot;:&quot;&quot;,&quot;jet_parallax_layout_bg_x&quot;:50,&quot;jet_parallax_layout_bg_x_tablet&quot;:&quot;&quot;,&quot;jet_parallax_layout_bg_x_mobile&quot;:&quot;&quot;,&quot;jet_parallax_layout_bg_y&quot;:50,&quot;jet_parallax_layout_bg_y_tablet&quot;:&quot;&quot;,&quot;jet_parallax_layout_bg_y_mobile&quot;:&quot;&quot;,&quot;jet_parallax_layout_bg_size&quot;:&quot;auto&quot;,&quot;jet_parallax_layout_bg_size_tablet&quot;:&quot;&quot;,&quot;jet_parallax_layout_bg_size_mobile&quot;:&quot;&quot;,&quot;jet_parallax_layout_animation_prop&quot;:&quot;transform&quot;,&quot;jet_parallax_layout_on&quot;:[&quot;desktop&quot;,&quot;tablet&quot;]}]}\">\n\t\t\t\t\t\t<div class=\"elementor-container elementor-column-gap-default\">\n\t\t\t\t\t<div class=\"elementor-column elementor-col-100 elementor-top-column elementor-element elementor-element-944257e\" data-id=\"944257e\" data-element_type=\"column\" data-settings=\"{&quot;background_background&quot;:&quot;classic&quot;}\">\n\t\t\t<div class=\"elementor-widget-wrap elementor-element-populated\">\n\t\t\t\t\t\t<div class=\"elementor-element elementor-element-af3daaa elementor-widget elementor-widget-heading\" data-id=\"af3daaa\" data-element_type=\"widget\" data-widget_type=\"heading.default\">\n\t\t\t\t<div class=\"elementor-widget-container\">\n\t\t\t\t\t<p class=\"elementor-heading-title elementor-size-default\">Datenschutz<\/p>\t\t\t\t<\/div>\n\t\t\t\t<\/div>\n\t\t\t\t<div class=\"elementor-element elementor-element-e44ffe6 elementor-widget elementor-widget-spacer\" data-id=\"e44ffe6\" data-element_type=\"widget\" data-widget_type=\"spacer.default\">\n\t\t\t\t<div class=\"elementor-widget-container\">\n\t\t\t\t\t\t\t<div class=\"elementor-spacer\">\n\t\t\t<div class=\"elementor-spacer-inner\"><\/div>\n\t\t<\/div>\n\t\t\t\t\t\t<\/div>\n\t\t\t\t<\/div>\n\t\t\t\t<div class=\"elementor-element elementor-element-4d6e1e7 elementor-widget elementor-widget-text-editor\" data-id=\"4d6e1e7\" data-element_type=\"widget\" data-widget_type=\"text-editor.default\">\n\t\t\t\t<div class=\"elementor-widget-container\">\n\t\t\t\t\t\t\t\t\t<h3 style=\"text-align: left;\"><span style=\"color: #5091cd;\">Die Datenschutzerkl\u00e4rung der Schweizer Jugendherbergen<\/span><\/h3><p>F\u00fcr die Schweizer Jugendherbergen hat die Wahrung Ihrer Privatsph\u00e4re absolute Priorit\u00e4t. Wir sind bestrebt, Ihnen ein H\u00f6chstmass an Datenschutz und Sicherheit zu garantieren.<\/p><p>Selbstverst\u00e4ndlich beachten wir die gesetzlichen Bestimmungen des Bundesgesetzes \u00fcber den Datenschutz (DSG), der Verordnung zum Bundesgesetz \u00fcber den Datenschutz (VDSG), des Fernmeldegesetzes (FMG) und andere gegebenenfalls anwendbare datenschutzrechtliche Bestimmungen des schweizerischen oder EU-Rechts, insbesondere die Datenschutzgrundverordnung (DSGVO).<\/p><p>Damit Sie wissen, welche personenbezogenen Daten wir von Ihnen erheben und f\u00fcr welche Zwecke wir sie verwenden, nehmen Sie bitte die nachstehenden Informationen zur Kenntnis.<\/p><p>Wir haben f\u00fcr unser Unternehmen einen Datenschutzbeauftragten bestellt. F\u00fcr Fragen in Bezug auf den Datenschutz im Allgemeinen oder f\u00fcr Anliegen im Zusammenhang mit Ihren pers\u00f6nlichen Daten erreichen Sie diesen unter der E-Mail-Adresse datenschutz@youthhostel.ch.<\/p><p>Die Adresse unseres datenschutzrechtlichen Vertreters in der EU lautet:<br \/>VGS Datenschutzpartner UG, Am Kaiserkai 69, 20457 Hamburg, Deutschland. Er ist unter der E-Mail-Adresse info@datenschutzpartner.eu erreichbar.<\/p><h3><span style=\"color: #5091cd;\">A) Datenbearbeitungen im Zusammenhang mit unserer Webseite<\/span><\/h3><h5><strong>1) Aufruf unserer Webseite<\/strong><\/h5><p>Beim Besuch unserer Webseite speichern unsere Server tempor\u00e4r jeden Zugriff in einer Protokolldatei. Folgende technischen Daten werden dabei, wie grunds\u00e4tzlich bei jeder Verbindung mit einem Webserver, ohne Ihr Zutun erfasst und bis zur automatisierten L\u00f6schung nach sp\u00e4testens einem Monat von uns gespeichert:<\/p><ul><li>Browsertypen und Versionen<\/li><li>das vom zugreifenden System verwendete Betriebssystem<\/li><li>die Internetseite, von welcher ein zugreifendes System auf unsere Internetseite gelangt (sogenannte Referrer)<\/li><li>die Unterwebseiten, welche \u00fcber ein zugreifendes System auf unserer Internetseite angesteuert werden<\/li><li>die Fonts &amp; Karten, welche \u00fcber Google Fonts bzw. Google Maps eingebunden sind<\/li><li>das Datum und die Uhrzeit eines Zugriffs auf die Internetseite<\/li><li>eine Internet-Protokoll-Adresse (IP-Adresse)<\/li><li>der Internet-Service-Provider des zugreifenden Systems<\/li><li>sonstige \u00e4hnliche Daten und Informationen, die der Gefahrenabwehr im Falle von Angriffen auf unsere informationstechnologischen Systeme dienen<\/li><\/ul><p>Die Erhebung und Verarbeitung dieser Daten erfolgt zu dem Zweck, die Nutzung unserer Webseite zu erm\u00f6glichen (Verbindungsaufbau), die Systemsicherheit und -stabilit\u00e4t dauerhaft zu gew\u00e4hrleisten und die Optimierung unseres Internetangebots zu erm\u00f6glichen sowie zu internen statistischen Zwecken.<\/p><p>Die IP-Adresse wird ferner zusammen mit den anderen Daten bei Angriffen auf die Netzinfrastruktur oder anderen unerlaubten oder missbr\u00e4uchlichen Website-Nutzungen zur Aufkl\u00e4rung und Abwehr ausgewertet und gegebenenfalls im Rahmen eines Strafverfahrens zur Identifikation und zum zivil- und strafrechtlichen Vorgehen gegen die betreffenden Nutzer verwendet.<\/p><h5><strong>2) Cookies<\/strong><\/h5><p>Cookies helfen unter vielen Aspekten, Ihren Besuch auf unserer Webseite einfacher, angenehmer und sinnvoller zu gestalten. Cookies sind Informationsdateien, die Ihr Webbrowser automatisch auf der Festplatte Ihres Computers speichert, wenn Sie unsere Internetseite besuchen.<\/p><p>Die meisten Internet-Browser akzeptieren Cookies automatisch. Sie k\u00f6nnen Ihren Browser jedoch so konfigurieren, dass keine Cookies auf Ihrem Computer gespeichert werden oder stets ein Hinweis erscheint, wenn Sie ein neues Cookie erhalten. Die Deaktivierung von Cookies kann dazu f\u00fchren, dass Sie nicht alle Funktionen unserer Webseite nutzen k\u00f6nnen.<\/p><h5><strong>3) Tracking-Tools<\/strong><\/h5><p>a) Allgemeines<br \/>Auf unserer Webseite verwenden wir verschiedene sog. Tracking-Tools. Mit diesen Tracking-Tools wird Ihr Verhalten auf unserer Webseite beobachtet. Diese Beobachtung erfolgt zum Zwecke der bedarfsgerechten Gestaltung und fortlaufenden Optimierung unserer Webseite In diesem Zusammenhang werden pseudonymisierte Nutzungsprofile erstellt und kleine Textdateien, die auf Ihrem Computer gespeichert sind (\u00abCookies\u00bb), verwendet. Die durch die Cookies erzeugten Informationen \u00fcber Ihre Benutzung dieser Webseite werden an die Server der Anbieter dieser Dienste \u00fcbertragen, dort gespeichert und f\u00fcr uns aufbereitet.<\/p><p>b) Google Analytics<br \/>Google Analytics setzt ein Cookie auf dem informationstechnologischen System der betroffenen Person. Was Cookies sind ist in Ziffer 2 erl\u00e4utert. Mit Setzung des Cookies wird Google eine Analyse der Benutzung unserer Internetseite erm\u00f6glicht. Durch jeden Aufruf einer der Einzelseiten dieser Internetseite, die durch den f\u00fcr die Verarbeitung Verantwortlichen betrieben wird und auf welcher eine Google-Analytics-Komponente integriert wurde, wird der Internetbrowser auf dem informationstechnologischen System der betroffenen Person automatisch durch die jeweilige Google-Analytics-Komponente veranlasst, Daten zum Zwecke der Online-Analyse an Google zu \u00fcbermitteln.<\/p><p>Im Rahmen dieses technischen Verfahrens erh\u00e4lt Google Kenntnis \u00fcber personenbezogene Daten, wie der IP-Adresse der betroffenen Person, die Google unter anderem dazu dienen, die Herkunft der Besucher und Klicks nachzuvollziehen.<\/p><p>Mittels des Cookies werden personenbezogene Informationen, beispielsweise die Zugriffszeit, der Ort, von welchem ein Zugriff ausging und die H\u00e4ufigkeit der Besuche unserer Internetseite durch die betroffene Person, gespeichert. Bei jedem Besuch unserer Internetseiten werden diese personenbezogenen Daten, einschliesslich der IP-Adresse des von der betroffenen Person genutzten Internetanschlusses, an Google in den Vereinigten Staaten von Amerika \u00fcbertragen. Diese personenbezogenen Daten werden durch Google in den Vereinigten Staaten von Amerika gespeichert. Google gibt diese \u00fcber das technische Verfahren erhobenen personenbezogenen Daten unter Umst\u00e4nden an Dritte weiter.<\/p><p>Die betroffene Person kann die Setzung von Cookies durch unsere Internetseite, wie oben bereits dargestellt, jederzeit mittels einer entsprechenden Einstellung des genutzten Internetbrowsers verhindern und damit der Setzung von Cookies dauerhaft widersprechen. Eine solche Einstellung des genutzten Internetbrowsers w\u00fcrde auch verhindern, dass Google ein Cookie auf dem informationstechnologischen System der betroffenen Person setzt. Zudem kann ein von Google Analytics bereits gesetzter Cookie jederzeit \u00fcber den Internetbrowser oder andere Softwareprogramme gel\u00f6scht werden.<\/p><p>Ferner besteht f\u00fcr die betroffene Person die M\u00f6glichkeit, einer Erfassung der durch Google Analytics erzeugten, auf eine Nutzung dieser Internetseite bezogenen Daten sowie der Verarbeitung dieser Daten durch Google zu widersprechen und eine solche zu verhindern. Hierzu muss die betroffene Person ein Browser-Add-On unter dem Link <span style=\"text-decoration: underline;\"><a href=\"https:\/\/tools.google.com\/dlpage\/gaoptout\" target=\"_blank\" rel=\"noopener\">https:\/\/tools.google.com\/dlpage\/gaoptout<\/a><\/span> herunterladen und installieren. Dieses Browser-Add-On teilt Google Analytics \u00fcber JavaScript mit, dass keine Daten und Informationen zu den Besuchen von Internetseiten an Google Analytics \u00fcbermittelt werden d\u00fcrfen. Die Installation des Browser-Add-Ons wird von Google als Widerspruch gewertet. Wird das informationstechnologische System der betroffenen Person zu einem sp\u00e4teren Zeitpunkt gel\u00f6scht, formatiert oder neu installiert, muss durch die betroffene Person eine erneute Installation des Browser-Add-Ons erfolgen, um Google Analytics zu deaktivieren. Sofern das Browser-Add-On durch die betroffene Person oder einer anderen Person, die Ihrem Machtbereich zuzurechnen ist, deinstalliert oder deaktiviert wird, besteht die M\u00f6glichkeit der Neuinstallation oder der erneuten Aktivierung des Browser-Add-Ons.<\/p><p>Weitere Informationen und die geltenden Datenschutzbestimmungen von Google k\u00f6nnen unter <span style=\"text-decoration: underline;\"><a href=\"https:\/\/www.google.de\/intl\/de\/policies\/privacy\/\" target=\"_blank\" rel=\"noopener\">https:\/\/www.google.de\/intl\/de\/policies\/privacy\/<\/a><\/span> und unter <span style=\"text-decoration: underline;\"><a href=\"https:\/\/www.google.com\/analytics\/terms\/de.html\" target=\"_blank\" rel=\"noopener\">https:\/\/www.google.com\/analytics\/terms\/de.html<\/a><\/span> abgerufen werden. Google Analytics wird unter diesem Link <span style=\"text-decoration: underline;\"><a href=\"https:\/\/www.google.com\/intl\/de_de\/analytics\/\" target=\"_blank\" rel=\"noopener\">https:\/\/www.google.com\/intl\/de_de\/analytics\/<\/a><\/span>\u00a0genauer erl\u00e4utert.<\/p><h3><span style=\"color: #5091cd;\">B) Datenbearbeitungen im Zusammenhang mit Social Media<\/span><\/h3><h5><strong>4) Social Media<\/strong><\/h5><p>Wir unterhalten Onlinepr\u00e4senzen innerhalb sozialer Netzwerke und Plattformen (Facebook, Instagram, Twitter), um mit den dort aktiven G\u00e4sten, Interessenten und Nutzern kommunizieren und Sie dort \u00fcber unsere Leistungen informieren zu k\u00f6nnen. Beim Aufruf der jeweiligen Netzwerke und Plattformen gelten die Gesch\u00e4ftsbedingungen und Datenschutzerkl\u00e4rungen der jeweiligen Betreiber.<\/p><p>Sofern in dieser Datenschutzerkl\u00e4rung nicht anders festgehalten bzw. Sie dazu nicht gesondert eingewilligt haben, werden die Daten der Nutzer verarbeitet sofern diese innerhalb der Sozialen Netzwerke mit uns kommunizieren.<\/p><h3><span style=\"color: #5091cd;\">C) Speicherung und Austausch von Daten mit Dritten<\/span><\/h3><h5><strong>5) Speicherung und Verkn\u00fcpfung von Daten<\/strong><\/h5><p>Wir speichern die personenbezogenen Daten in den jeweiligen daf\u00fcr vorgesehenen Datenverarbeitungssystemen. Die Bearbeitung dieser Daten erfolgt ausschliesslich im Rahmen einer kundenfreundlichen und effizienten Kundendatenverwaltung.<\/p><h5><strong>6) Aufbewahrungsdauer<\/strong><\/h5><p>Wir speichern personenbezogene Daten nur so lange, wie es erforderlich ist, um die oben genannten Trackingdienste sowie die weiteren Bearbeitungen im Rahmen unseres berechtigten Interesses zu verwenden.<\/p><h5><strong>7) Weitergabe der Daten an Dritte<\/strong><\/h5><p>a) Allgemein<br \/>Wir geben Ihre personenbezogenen Daten nur weiter, wenn Sie ausdr\u00fccklich eingewilligt haben, hierf\u00fcr eine gesetzliche Verpflichtung besteht oder dies zur Durchsetzung unserer Rechte, notwendig ist. Dar\u00fcber hinaus geben wir Ihre Daten an Dritte weiter, soweit dies im Rahmen der Nutzung der Webseite erforderlich ist.<\/p><p>Neben den nachfolgend explizit erw\u00e4hnten Hinweisen, beachten Sie ferner bitte auch die Hinweise zur Datenweitergabe an Dritte in den Ziffern 5, 7, 9).<\/p><p>b) Webhosting<br \/>Ein Dienstleister, an den die \u00fcber die Webseite erhobenen personenbezogenen Daten weitergegeben werden bzw. der Zugriff darauf hat oder haben kann, ist unser Webhoster Cyon GmbH, Brunng\u00e4sslein 12, 4052 Basel. Die Webseite wird auf Servern in der Schweiz gehostet. Die Weitergabe der Daten erfolgt zum Zweck der Bereitstellung und Aufrechterhaltung von Funktionalit\u00e4ten unserer Webseite.<\/p><h5><strong>8) \u00dcbermittlung personenbezogener Daten ins Ausland<\/strong><\/h5><p>Wir sind berechtigt, Ihre pers\u00f6nlichen Daten zum Zwecke der in dieser Datenschutzerkl\u00e4rung beschriebenen Datenbearbeitungen auch an dritte Unternehmen (beauftragte Dienstleister) im Ausland zu \u00fcbertragen. Diese sind im gleichen Umfange wie wir selbst zum Datenschutz verpflichtet. Wenn das Datenschutzniveau in einem Land nicht dem schweizerischen bzw. dem europ\u00e4ischen entspricht, stellen wir vertraglich sicher, dass der Schutz Ihrer personenbezogenen Daten demjenigen in der Schweiz bzw. in der EU jederzeit entspricht.<\/p><h3><span style=\"color: #5091cd;\">D) Weitere Informationen<\/span><\/h3><h5><strong>9) Recht auf Auskunft, Berichtigung, L\u00f6schung und Einschr\u00e4nkung der Verarbeitung; Recht auf Daten\u00fcbertragbarkeit<\/strong><\/h5><p>Sie haben das Recht, \u00fcber die personenbezogenen Daten, die von uns \u00fcber Sie gespeichert werden, auf Antrag Auskunft zu erhalten. Zus\u00e4tzlich haben Sie das Recht auf Berichtigung unrichtiger Daten und das Recht auf L\u00f6schung Ihrer personenbezogenen Daten, soweit dem keine gesetzliche Aufbewahrungspflicht oder ein Erlaubnistatbestand, der uns die Verarbeitung der Daten gestattet, entgegensteht.<\/p><p>Sie haben zudem das Recht, diejenigen Daten, die Sie uns \u00fcbergeben haben, wieder von uns herauszuverlangen (Recht auf Datenportabilit\u00e4t). Auf Anfrage geben wir die Daten auch an einen Dritten Ihrer Wahl weiter. Sie haben das Recht, die Daten in einem g\u00e4ngigen Dateiformat zu erhalten.<\/p><p>Sie k\u00f6nnen uns f\u00fcr die vorgenannten Zwecke \u00fcber die E-Mail-Adresse datenschutz@youthhostel.ch erreichen. F\u00fcr die Bearbeitung Ihres Gesuchs k\u00f6nnen wir, nach eigenem Ermessen, einen Identit\u00e4tsnachweis verlangen.<\/p><h5><strong>10) Datensicherheit<\/strong><\/h5><p>Wir bedienen uns geeigneter technischer und organisatorischer Sicherheitsmassnahmen, um die bei uns gespeicherten pers\u00f6nlichen Daten gegen Manipulation, teilwiesen oder vollst\u00e4ndigen Verlust und gegen unbefugten Zugriff Dritter zu sch\u00fctzen. Unsere Sicherheitsmassnahmen werden entsprechend der technologischen Entwicklung fortlaufend verbessert.<\/p><p>Sie sollten das Browserfenster schliessen, wenn Sie die Kommunikation mit uns beendet haben, insbesondere wenn Sie den Computer gemeinsam mit anderen nutzen.<\/p><h5><strong>11) Hinweis zu Daten\u00fcbermittlung in die USA<\/strong><\/h5><p>Aus Gr\u00fcnden der Vollst\u00e4ndigkeit weisen wir f\u00fcr Nutzer mit Wohnsitz oder Sitz in der Schweiz darauf hin, dass in den USA \u00dcberwachungsmassnahmen von US-Beh\u00f6rden bestehen, die generell die Speicherung aller personenbezogenen Daten s\u00e4mtlicher Personen, deren Daten aus der Schweiz in die USA \u00fcbermittelt wurden, erm\u00f6glicht. Dies geschieht ohne Differenzierung, Einschr\u00e4nkung oder Ausnahme anhand des verfolgten Ziels und ohne ein objektives Kriterium, das es erm\u00f6glicht, den Zugang der US-Beh\u00f6rde zu den Daten und deren sp\u00e4teren Nutzung auf ganz bestimmte, strikt begrenzte Zwecke zu beschr\u00e4nken, die den sowohl mit dem Zugang zu diesen Daten als auch mit deren Nutzung verbundenen Eingriff zu rechtfertigen verm\u00f6gen. Ausserdem wiesen wir darauf hin, dass in den USA f\u00fcr die betroffenen Personen aus der Schweiz keine Rechtsbehelfe vorliegen, die es ihnen erlauben, Zugang zu den sie betreffenden Daten zu erhalten und deren Berichtigung oder L\u00f6schung zu erwirken, bzw. kein wirksamer gerichtlicher Rechtsschutz gegen generelle Zugriffsrechte von US-Beh\u00f6rden vorliegt. Wir weisen den Betroffenen explizit auf diese Rechts- und Sachlage hin, um eine entsprechende informierte Entscheidung zur Einwilligung in die Verwendung seiner Daten zu treffen.<\/p><p>Nutzer mit Wohnsitz in einem Mitgliedstaat der EU weisen wir darauf hin, dass die USA aus Sicht der Europ\u00e4ischen Union \u2013 unter anderem aufgrund der in diesem Abschnitt genannten Themen \u2013 nicht \u00fcber ein ausreichendes Datenschutzniveau verf\u00fcgt. Soweit wir in dieser Datenschutzerkl\u00e4rung erl\u00e4utert haben, dass Empf\u00e4nger von Daten (wie z.B. Google) ihren Sitz in den USA haben, werden wir entweder durch vertragliche Regelungen zu diesen Unternehmen oder durch die Sicherstellung der Zertifizierung dieser Unternehmen unter dem EU- bzw. Swiss-US-Privacy Schild sicherstellen, dass Ihre Daten bei unseren Partnern mit einem angemessenen Niveau gesch\u00fctzt sind.<\/p><h5><strong>12) Recht auf Beschwerde bei einer Datenschutzaufsichtsbeh\u00f6rde<\/strong><\/h5><p>Sie haben das Recht, sich jederzeit bei einer Datenschutzaufsichtsbeh\u00f6rde zu beschweren.<\/p><p>Z\u00fcrich, 23. Mai 2018<\/p>\t\t\t\t\t\t\t\t<\/div>\n\t\t\t\t<\/div>\n\t\t\t\t\t<\/div>\n\t\t<\/div>\n\t\t\t\t\t<\/div>\n\t\t<\/section>\n\t\t\t\t<section class=\"elementor-section elementor-top-section elementor-element elementor-element-702840c elementor-section-boxed elementor-section-height-default elementor-section-height-default\" data-id=\"702840c\" data-element_type=\"section\" data-settings=\"{&quot;jet_parallax_layout_list&quot;:[{&quot;jet_parallax_layout_image&quot;:{&quot;url&quot;:&quot;&quot;,&quot;id&quot;:&quot;&quot;,&quot;size&quot;:&quot;&quot;},&quot;_id&quot;:&quot;14f3300&quot;,&quot;jet_parallax_layout_image_tablet&quot;:{&quot;url&quot;:&quot;&quot;,&quot;id&quot;:&quot;&quot;,&quot;size&quot;:&quot;&quot;},&quot;jet_parallax_layout_image_mobile&quot;:{&quot;url&quot;:&quot;&quot;,&quot;id&quot;:&quot;&quot;,&quot;size&quot;:&quot;&quot;},&quot;jet_parallax_layout_speed&quot;:{&quot;unit&quot;:&quot;%&quot;,&quot;size&quot;:50,&quot;sizes&quot;:[]},&quot;jet_parallax_layout_type&quot;:&quot;scroll&quot;,&quot;jet_parallax_layout_direction&quot;:null,&quot;jet_parallax_layout_fx_direction&quot;:null,&quot;jet_parallax_layout_z_index&quot;:&quot;&quot;,&quot;jet_parallax_layout_bg_x&quot;:50,&quot;jet_parallax_layout_bg_x_tablet&quot;:&quot;&quot;,&quot;jet_parallax_layout_bg_x_mobile&quot;:&quot;&quot;,&quot;jet_parallax_layout_bg_y&quot;:50,&quot;jet_parallax_layout_bg_y_tablet&quot;:&quot;&quot;,&quot;jet_parallax_layout_bg_y_mobile&quot;:&quot;&quot;,&quot;jet_parallax_layout_bg_size&quot;:&quot;auto&quot;,&quot;jet_parallax_layout_bg_size_tablet&quot;:&quot;&quot;,&quot;jet_parallax_layout_bg_size_mobile&quot;:&quot;&quot;,&quot;jet_parallax_layout_animation_prop&quot;:&quot;transform&quot;,&quot;jet_parallax_layout_on&quot;:[&quot;desktop&quot;,&quot;tablet&quot;]}]}\">\n\t\t\t\t\t\t<div class=\"elementor-container elementor-column-gap-default\">\n\t\t\t\t\t<div class=\"elementor-column elementor-col-100 elementor-top-column elementor-element elementor-element-e1b1550\" data-id=\"e1b1550\" data-element_type=\"column\">\n\t\t\t<div class=\"elementor-widget-wrap elementor-element-populated\">\n\t\t\t\t\t\t<div class=\"elementor-element elementor-element-fed6921 elementor-widget elementor-widget-spacer\" data-id=\"fed6921\" data-element_type=\"widget\" data-widget_type=\"spacer.default\">\n\t\t\t\t<div class=\"elementor-widget-container\">\n\t\t\t\t\t\t\t<div class=\"elementor-spacer\">\n\t\t\t<div class=\"elementor-spacer-inner\"><\/div>\n\t\t<\/div>\n\t\t\t\t\t\t<\/div>\n\t\t\t\t<\/div>\n\t\t\t\t\t<\/div>\n\t\t<\/div>\n\t\t\t\t\t<\/div>\n\t\t<\/section>\n\t\t\t\t<\/div>\n\t\t","protected":false},"excerpt":{"rendered":"<p>Datenschutz Die Datenschutzerkl\u00e4rung der Schweizer Jugendherbergen F\u00fcr die Schweizer Jugendherbergen hat die Wahrung Ihrer Privatsph\u00e4re absolute Priorit\u00e4t. Wir sind bestrebt, Ihnen ein H\u00f6chstmass an Datenschutz und Sicherheit zu garantieren. Selbstverst\u00e4ndlich beachten wir die gesetzlichen Bestimmungen des Bundesgesetzes \u00fcber den Datenschutz (DSG), der Verordnung zum Bundesgesetz \u00fcber den Datenschutz (VDSG), des Fernmeldegesetzes (FMG) und andere gegebenenfalls [&hellip;]<\/p>\n","protected":false},"author":3,"featured_media":0,"parent":0,"menu_order":0,"comment_status":"closed","ping_status":"closed","template":"elementor_header_footer","meta":{"footnotes":""},"class_list":["post-2483","page","type-page","status-publish","hentry"],"_links":{"self":[{"href":"https:\/\/report-youthhostel.ch\/2023\/wp-json\/wp\/v2\/pages\/2483","targetHints":{"allow":["GET"]}}],"collection":[{"href":"https:\/\/report-youthhostel.ch\/2023\/wp-json\/wp\/v2\/pages"}],"about":[{"href":"https:\/\/report-youthhostel.ch\/2023\/wp-json\/wp\/v2\/types\/page"}],"author":[{"embeddable":true,"href":"https:\/\/report-youthhostel.ch\/2023\/wp-json\/wp\/v2\/users\/3"}],"replies":[{"embeddable":true,"href":"https:\/\/report-youthhostel.ch\/2023\/wp-json\/wp\/v2\/comments?post=2483"}],"version-history":[{"count":42,"href":"https:\/\/report-youthhostel.ch\/2023\/wp-json\/wp\/v2\/pages\/2483\/revisions"}],"predecessor-version":[{"id":11382,"href":"https:\/\/report-youthhostel.ch\/2023\/wp-json\/wp\/v2\/pages\/2483\/revisions\/11382"}],"wp:attachment":[{"href":"https:\/\/report-youthhostel.ch\/2023\/wp-json\/wp\/v2\/media?parent=2483"}],"curies":[{"name":"wp","href":"https:\/\/api.w.org\/{rel}","templated":true}]}}