{"id":10051,"date":"2022-05-05T17:43:12","date_gmt":"2022-05-05T15:43:12","guid":{"rendered":"https:\/\/report-youthhostel.ch\/2023\/?page_id=10051"},"modified":"2024-05-15T11:20:29","modified_gmt":"2024-05-15T09:20:29","slug":"retrospective-et-perspectives-2024","status":"publish","type":"page","link":"https:\/\/report-youthhostel.ch\/2023\/fr\/retrospective-et-perspectives-2024\/","title":{"rendered":"R\u00e9trospective et perspectives 2024"},"content":{"rendered":"\t\t<div data-elementor-type=\"wp-page\" data-elementor-id=\"10051\" class=\"elementor elementor-10051\" data-elementor-post-type=\"page\">\n\t\t\t\t<div class=\"elementor-element elementor-element-a32ce80 e-flex e-con-boxed e-con e-parent\" data-id=\"a32ce80\" data-element_type=\"container\" data-settings=\"{&quot;background_background&quot;:&quot;classic&quot;,&quot;jet_parallax_layout_list&quot;:[]}\">\n\t\t\t\t\t<div class=\"e-con-inner\">\n\t\t<div class=\"elementor-element elementor-element-a2b96dd e-flex e-con-boxed e-con e-child\" data-id=\"a2b96dd\" data-element_type=\"container\" data-settings=\"{&quot;jet_parallax_layout_list&quot;:[]}\">\n\t\t\t\t\t<div class=\"e-con-inner\">\n\t\t\t\t<div class=\"elementor-element elementor-element-1cddf43 elementor-widget elementor-widget-heading\" data-id=\"1cddf43\" data-element_type=\"widget\" id=\"subtitle-underline\" data-widget_type=\"heading.default\">\n\t\t\t\t<div class=\"elementor-widget-container\">\n\t\t\t\t\t<p class=\"elementor-heading-title elementor-size-default\">R\u00e9trospective et perspectives 2024<\/p>\t\t\t\t<\/div>\n\t\t\t\t<\/div>\n\t\t\t\t<div class=\"elementor-element elementor-element-f0d1fc9 elementor-widget elementor-widget-heading\" data-id=\"f0d1fc9\" data-element_type=\"widget\" data-widget_type=\"heading.default\">\n\t\t\t\t<div class=\"elementor-widget-container\">\n\t\t\t\t\t<h1 class=\"elementor-heading-title elementor-size-default\">100 ans des Auberges de Jeunesse Suisses<\/h1>\t\t\t\t<\/div>\n\t\t\t\t<\/div>\n\t\t\t\t\t<\/div>\n\t\t\t\t<\/div>\n\t\t\t\t\t<\/div>\n\t\t\t\t<\/div>\n\t\t<div class=\"elementor-element elementor-element-ee835ed e-con-full e-flex e-con e-parent\" data-id=\"ee835ed\" data-element_type=\"container\" data-settings=\"{&quot;background_background&quot;:&quot;classic&quot;,&quot;jet_parallax_layout_list&quot;:[]}\">\n\t\t\t\t<\/div>\n\t\t<div class=\"elementor-element elementor-element-ac8deab e-flex e-con-boxed e-con e-parent\" data-id=\"ac8deab\" data-element_type=\"container\" data-settings=\"{&quot;jet_parallax_layout_list&quot;:[]}\">\n\t\t\t\t\t<div class=\"e-con-inner\">\n\t\t\t\t<div class=\"elementor-element elementor-element-9ec7365 elementor-widget elementor-widget-text-editor\" data-id=\"9ec7365\" data-element_type=\"widget\" data-widget_type=\"text-editor.default\">\n\t\t\t\t<div class=\"elementor-widget-container\">\n\t\t\t\t\t\t\t\t\t<p>Auberge de Jeunesse de Adelboden<br \/>1943, SJH Archive<\/p>\t\t\t\t\t\t\t\t<\/div>\n\t\t\t\t<\/div>\n\t\t\t\t\t<\/div>\n\t\t\t\t<\/div>\n\t\t<div class=\"elementor-element elementor-element-72c473a e-flex e-con-boxed e-con e-parent\" data-id=\"72c473a\" data-element_type=\"container\" data-settings=\"{&quot;jet_parallax_layout_list&quot;:[]}\">\n\t\t\t\t\t<div class=\"e-con-inner\">\n\t\t\t\t<div class=\"elementor-element elementor-element-14c3f6b elementor-widget elementor-widget-text-editor\" data-id=\"14c3f6b\" data-element_type=\"widget\" data-widget_type=\"text-editor.default\">\n\t\t\t\t<div class=\"elementor-widget-container\">\n\t\t\t\t\t\t\t\t\t<p>En 2024, les Auberges de Jeunesse Suisses f\u00eatent leur 100<sup>e<\/sup>\u00a0anniversaire.<\/p><p>Au d\u00e9but du 20<sup>e<\/sup>\u00a0si\u00e8cle, voyager \u00e9tait un privil\u00e8ge r\u00e9serv\u00e9 \u00e0 une poign\u00e9e de gens ais\u00e9s. L\u2019industrialisation vint toutefois bouleverser le cadre de vie de la population. Les jeunes, notamment, souffrirent de plus en plus des mauvaises conditions de logement et de travail dans le secteur industriel. Au tournant du 20<sup>e<\/sup>\u00a0si\u00e8cle, de plus en plus d\u2019entre eux cherch\u00e8rent, pendant leur maigre temps libre, une \u00e9chappatoire \u00e0 leur mis\u00e8re quotidienne dans la randonn\u00e9e et les voyages. D\u2019une part, ils voyaient en la nature l\u2019oppos\u00e9 de la ville et, d\u2019autre part, ils consid\u00e9raient la marche comme une expression de leur libert\u00e9 et de leur jeunesse.<\/p><p>En 1901 fut cr\u00e9\u00e9e en Allemagne l\u2019association \u00ab\u00a0Wanderv\u00f6gel\u00a0\u00bb, qui regroupait des jeunes passionn\u00e9s de randonn\u00e9e. L\u2019id\u00e9e fut reprise en Suisse quelques ann\u00e9es plus tard. D\u2019autres organisations de jeunes s\u2019int\u00e9ress\u00e8rent de plus en plus \u00e0 la randonn\u00e9e comme un moyen de vivre des exp\u00e9riences communes. Tous ces groupes furent confront\u00e9s au probl\u00e8me du prix de l\u2019h\u00e9bergement pour les randonn\u00e9es de plusieurs jours.<\/p><p>Notre aventure commen\u00e7a le 28\u00a0avril\u00a01924 dans la salle du M\u00e4dchenklub Gartenhof \u00e0 Zurich, lorsque la \u00ab\u00a0Coop\u00e9rative zurichoise pour les Auberges de Jeunesse\u00a0\u00bb fut fond\u00e9e par plusieurs organisations de jeunes. L\u2019intention \u00e9tait d\u2019am\u00e9nager des auberges dans des centres de vacances existants appartenant aux associations de jeunes. La coop\u00e9rative disposait \u00e9galement des noms des aubergistes dont les adresses \u00e9taient jusqu\u2019alors \u00e9chang\u00e9es entre les groupes de randonn\u00e9e. Le premier r\u00e9pertoire suisse regroupant 12\u00a0auberges de jeunesse et quatre possibilit\u00e9s d\u2019h\u00e9bergement fut publi\u00e9 sur des feuilles volantes le 21\u00a0juillet\u00a01924. \u00c0 la fin de l\u2019ann\u00e9e, il y en avait 40.<\/p><p>La Suisse fut le deuxi\u00e8me pays apr\u00e8s l\u2019Allemagne \u00e0 cr\u00e9er un r\u00e9seau d\u2019auberges de jeunesse. D\u2019autres pays europ\u00e9ens suivirent et, en octobre 1932, l\u2019association internationale Hostelling International fut fond\u00e9e \u00e0 Amsterdam par onze associations europ\u00e9ennes.<\/p><p>Au sein du mouvement des auberges de jeunesse, il a toujours \u00e9t\u00e9 question de vivre des exp\u00e9riences communes, de pr\u00f4ner une gestion responsable des ressources, de d\u00e9couvrir des personnes et d\u2019autres cultures, de nouer des amiti\u00e9s, de s\u2019adonner \u00e0 des loisirs qui ont du sens et de partager sa joie de vivre.<\/p><p>Les besoins des gens ont \u00e9volu\u00e9 au cours des 100\u00a0derni\u00e8res ann\u00e9es. Les Auberges de Jeunesse Suisses aussi. Notre organisation a r\u00e9ussi avec brio \u00e0 s\u2019adapter sans cesse aux besoins actuels de la soci\u00e9t\u00e9 et au contexte actuel, sans pour autant perdre de vue l\u2019essentiel des objectifs de la soci\u00e9t\u00e9 civile\u00a0: aujourd\u2019hui comme hier, les Auberges de Jeunesse Suisses, en collaboration avec les membres de Hostelling International, permettent aux personnes \u00e0 petit budget d\u2019acc\u00e9der \u00e0 des possibilit\u00e9s d\u2019h\u00e9bergement et de restauration abordables dans le monde entier. Nous encourageons ainsi les rencontres, les activit\u00e9s et les exp\u00e9riences communes au-del\u00e0 des fronti\u00e8res nationales, en particulier pour les jeunes, les classes d\u2019\u00e9cole, les familles et les personnes en situation de handicap. Celles-ci contribuent \u00e0 une soci\u00e9t\u00e9 solidaire, responsable et heureuse de vivre.<\/p><p>Si vous souhaitez vous plonger davantage dans l\u2019histoire des Auberges de Jeunesse Suisses, vous pourrez en d\u00e9couvrir un aper\u00e7u int\u00e9ressant dans l\u2019exposition qui se tient au Mus\u00e9e du Ch\u00e2teau de Berthoud jusqu\u2019\u00e0 la fin de l\u2019ann\u00e9e. Les d\u00e9tails de l\u2019exposition et de nombreuses informations sur l\u2019histoire des Auberges de Jeunesse Suisses sont disponibles sur notre site web.<\/p><p>En 2024 \u00e9galement, nous nous r\u00e9jouissons de pouvoir proposer au plus grand nombre des exp\u00e9riences de voyage durables et des rencontres enrichissantes dans les plus beaux lieux de Suisse. \u00c0 bient\u00f4t dans l\u2019une de nos auberges de jeunesse\u00a0!<\/p><p>Avril 2024<\/p>\t\t\t\t\t\t\t\t<\/div>\n\t\t\t\t<\/div>\n\t\t\t\t\t<\/div>\n\t\t\t\t<\/div>\n\t\t<div class=\"elementor-element elementor-element-3f990af e-flex e-con-boxed e-con e-parent\" data-id=\"3f990af\" data-element_type=\"container\" data-settings=\"{&quot;jet_parallax_layout_list&quot;:[]}\">\n\t\t\t\t\t<div class=\"e-con-inner\">\n\t\t\t\t<div class=\"elementor-element elementor-element-b803e42 elementor-widget elementor-widget-template\" data-id=\"b803e42\" data-element_type=\"widget\" data-widget_type=\"template.default\">\n\t\t\t\t<div class=\"elementor-widget-container\">\n\t\t\t\t\t\t\t<div class=\"elementor-template\">\n\t\t\t\t\t<div data-elementor-type=\"page\" data-elementor-id=\"4619\" class=\"elementor elementor-4619\" data-elementor-post-type=\"elementor_library\">\n\t\t\t\t\t\t<section class=\"elementor-section elementor-top-section elementor-element elementor-element-3144cdf elementor-section-boxed elementor-section-height-default elementor-section-height-default\" data-id=\"3144cdf\" data-element_type=\"section\" data-settings=\"{&quot;jet_parallax_layout_list&quot;:[{&quot;jet_parallax_layout_image&quot;:{&quot;url&quot;:&quot;&quot;,&quot;id&quot;:&quot;&quot;,&quot;size&quot;:&quot;&quot;},&quot;_id&quot;:&quot;d9c892f&quot;,&quot;jet_parallax_layout_image_tablet&quot;:{&quot;url&quot;:&quot;&quot;,&quot;id&quot;:&quot;&quot;,&quot;size&quot;:&quot;&quot;},&quot;jet_parallax_layout_image_mobile&quot;:{&quot;url&quot;:&quot;&quot;,&quot;id&quot;:&quot;&quot;,&quot;size&quot;:&quot;&quot;},&quot;jet_parallax_layout_speed&quot;:{&quot;unit&quot;:&quot;%&quot;,&quot;size&quot;:50,&quot;sizes&quot;:[]},&quot;jet_parallax_layout_type&quot;:&quot;scroll&quot;,&quot;jet_parallax_layout_direction&quot;:null,&quot;jet_parallax_layout_fx_direction&quot;:null,&quot;jet_parallax_layout_z_index&quot;:&quot;&quot;,&quot;jet_parallax_layout_bg_x&quot;:50,&quot;jet_parallax_layout_bg_x_tablet&quot;:&quot;&quot;,&quot;jet_parallax_layout_bg_x_mobile&quot;:&quot;&quot;,&quot;jet_parallax_layout_bg_y&quot;:50,&quot;jet_parallax_layout_bg_y_tablet&quot;:&quot;&quot;,&quot;jet_parallax_layout_bg_y_mobile&quot;:&quot;&quot;,&quot;jet_parallax_layout_bg_size&quot;:&quot;auto&quot;,&quot;jet_parallax_layout_bg_size_tablet&quot;:&quot;&quot;,&quot;jet_parallax_layout_bg_size_mobile&quot;:&quot;&quot;,&quot;jet_parallax_layout_animation_prop&quot;:&quot;transform&quot;,&quot;jet_parallax_layout_on&quot;:[&quot;desktop&quot;,&quot;tablet&quot;]}]}\">\n\t\t\t\t\t\t<div class=\"elementor-container elementor-column-gap-default\">\n\t\t\t\t\t<div class=\"elementor-column elementor-col-100 elementor-top-column elementor-element elementor-element-76f273a\" data-id=\"76f273a\" data-element_type=\"column\">\n\t\t\t<div class=\"elementor-widget-wrap elementor-element-populated\">\n\t\t\t\t\t\t<div class=\"elementor-element elementor-element-687df45 elementor-widget elementor-widget-spacer\" data-id=\"687df45\" data-element_type=\"widget\" data-widget_type=\"spacer.default\">\n\t\t\t\t<div class=\"elementor-widget-container\">\n\t\t\t\t\t\t\t<div class=\"elementor-spacer\">\n\t\t\t<div class=\"elementor-spacer-inner\"><\/div>\n\t\t<\/div>\n\t\t\t\t\t\t<\/div>\n\t\t\t\t<\/div>\n\t\t\t\t<div class=\"elementor-element elementor-element-2dd2dc6 elementor-widget elementor-widget-heading\" data-id=\"2dd2dc6\" data-element_type=\"widget\" data-widget_type=\"heading.default\">\n\t\t\t\t<div class=\"elementor-widget-container\">\n\t\t\t\t\t<p class=\"elementor-heading-title elementor-size-default\">Ces sujets pourraient aussi vous int\u00e9resser<\/p>\t\t\t\t<\/div>\n\t\t\t\t<\/div>\n\t\t\t\t<div class=\"elementor-element elementor-element-c8f4d51 raven-hover-scale-up elementor-widget elementor-widget-raven-posts\" data-id=\"c8f4d51\" data-element_type=\"widget\" data-settings=\"{&quot;classic_columns&quot;:&quot;4&quot;,&quot;query_posts_per_page&quot;:4,&quot;_skin&quot;:&quot;classic&quot;,&quot;classic_layout&quot;:&quot;grid&quot;,&quot;classic_columns_tablet&quot;:&quot;2&quot;,&quot;classic_columns_mobile&quot;:&quot;1&quot;,&quot;query_offset&quot;:0}\" data-widget_type=\"raven-posts.classic\">\n\t\t\t\t<div class=\"elementor-widget-container\">\n\t\t\t\t\t\t\t<div class=\"raven-posts raven-grid raven-grid-4 raven-grid-mobile-1 raven-grid-tablet-2\" data-post-id=\"4619\" data-archive-query=\"\" data-lang=\"\">\r\n\t\t\t\t<div class=\"raven-grid-item raven-post-item post-9989 page type-page status-publish has-post-thumbnail hentry\">\r\n\t\t\t<div class=\"raven-post elementor-animation-grow\">\r\n\t\t\t\t\t\t<div class=\"raven-post-image-wrap\">\r\n\t\t\t<a class=\"raven-post-image raven-image-fit\" href=\"https:\/\/report-youthhostel.ch\/2023\/fr\/avant-propos\/offre\/\"><img fetchpriority=\"high\" decoding=\"async\" width=\"1000\" height=\"1144\" src=\"https:\/\/report-youthhostel.ch\/2023\/wp-content\/uploads\/sites\/5\/sjh-2024-Angebot-Header-Jugendherberge-Montreux-mobile.jpg\" class=\"attachment-large size-large wp-image-13993\" alt=\"\" srcset=\"https:\/\/report-youthhostel.ch\/2023\/wp-content\/uploads\/sites\/5\/sjh-2024-Angebot-Header-Jugendherberge-Montreux-mobile.jpg 1000w, https:\/\/report-youthhostel.ch\/2023\/wp-content\/uploads\/sites\/5\/sjh-2024-Angebot-Header-Jugendherberge-Montreux-mobile-768x879.jpg 768w\" sizes=\"(max-width: 1000px) 100vw, 1000px\" \/> <span class=\"raven-post-image-overlay\"><\/span><\/a>\t\t<\/div>\r\n\t\t\t\t\t\t<div class=\"raven-post-content\">\r\n\t\t\t\t\t<h3 class=\"raven-post-title\"><a class=\"raven-post-title-link\" href=\"https:\/\/report-youthhostel.ch\/2023\/fr\/avant-propos\/offre\/\">Offre<\/a><\/h3>\t\t\t\t<\/div>\r\n\t\t\t<\/div>\r\n\t\t<\/div>\r\n\t\t\t\t<div class=\"raven-grid-item raven-post-item post-9249 page type-page status-publish has-post-thumbnail hentry\">\r\n\t\t\t<div class=\"raven-post elementor-animation-grow\">\r\n\t\t\t\t\t\t<div class=\"raven-post-image-wrap\">\r\n\t\t\t<a class=\"raven-post-image raven-image-fit\" href=\"https:\/\/report-youthhostel.ch\/2023\/fokus-2023\/partnerinnen-goennerinnen\/\"><img decoding=\"async\" width=\"1000\" height=\"1144\" src=\"https:\/\/report-youthhostel.ch\/2023\/wp-content\/uploads\/sites\/5\/sjh-2024-Partner-Goenner-Header-Jugendherberge-Avenches-mobile.jpg\" class=\"attachment-large size-large wp-image-14240\" alt=\"\" srcset=\"https:\/\/report-youthhostel.ch\/2023\/wp-content\/uploads\/sites\/5\/sjh-2024-Partner-Goenner-Header-Jugendherberge-Avenches-mobile.jpg 1000w, https:\/\/report-youthhostel.ch\/2023\/wp-content\/uploads\/sites\/5\/sjh-2024-Partner-Goenner-Header-Jugendherberge-Avenches-mobile-768x879.jpg 768w\" sizes=\"(max-width: 1000px) 100vw, 1000px\" \/> <span class=\"raven-post-image-overlay\"><\/span><\/a>\t\t<\/div>\r\n\t\t\t\t\t\t<div class=\"raven-post-content\">\r\n\t\t\t\t\t<h3 class=\"raven-post-title\"><a class=\"raven-post-title-link\" href=\"https:\/\/report-youthhostel.ch\/2023\/fokus-2023\/partnerinnen-goennerinnen\/\">Partner*innen, G\u00f6nner*innen<\/a><\/h3>\t\t\t\t<\/div>\r\n\t\t\t<\/div>\r\n\t\t<\/div>\r\n\t\t\t\t<div class=\"raven-grid-item raven-post-item post-9876 page type-page status-publish has-post-thumbnail hentry\">\r\n\t\t\t<div class=\"raven-post elementor-animation-grow\">\r\n\t\t\t\t\t\t<div class=\"raven-post-image-wrap\">\r\n\t\t\t<a class=\"raven-post-image raven-image-fit\" href=\"https:\/\/report-youthhostel.ch\/2023\/fr\/avant-propos\/\"><img decoding=\"async\" width=\"1000\" height=\"1144\" src=\"https:\/\/report-youthhostel.ch\/2023\/wp-content\/uploads\/sites\/5\/sjh-2024-Geschaeftsjahr-2023-Header-Jugendherberge-St-Moritz-mobile.jpg\" class=\"attachment-large size-large wp-image-14238\" alt=\"\" srcset=\"https:\/\/report-youthhostel.ch\/2023\/wp-content\/uploads\/sites\/5\/sjh-2024-Geschaeftsjahr-2023-Header-Jugendherberge-St-Moritz-mobile.jpg 1000w, https:\/\/report-youthhostel.ch\/2023\/wp-content\/uploads\/sites\/5\/sjh-2024-Geschaeftsjahr-2023-Header-Jugendherberge-St-Moritz-mobile-768x879.jpg 768w\" sizes=\"(max-width: 1000px) 100vw, 1000px\" \/> <span class=\"raven-post-image-overlay\"><\/span><\/a>\t\t<\/div>\r\n\t\t\t\t\t\t<div class=\"raven-post-content\">\r\n\t\t\t\t\t<h3 class=\"raven-post-title\"><a class=\"raven-post-title-link\" href=\"https:\/\/report-youthhostel.ch\/2023\/fr\/avant-propos\/\">Exercice 2023<\/a><\/h3>\t\t\t\t<\/div>\r\n\t\t\t<\/div>\r\n\t\t<\/div>\r\n\t\t\t\t<div class=\"raven-grid-item raven-post-item post-9539 page type-page status-publish has-post-thumbnail hentry\">\r\n\t\t\t<div class=\"raven-post elementor-animation-grow\">\r\n\t\t\t\t\t\t<div class=\"raven-post-image-wrap\">\r\n\t\t\t<a class=\"raven-post-image raven-image-fit\" href=\"https:\/\/report-youthhostel.ch\/2023\/en\/foreword\/offer\/\"><img fetchpriority=\"high\" decoding=\"async\" width=\"1000\" height=\"1144\" src=\"https:\/\/report-youthhostel.ch\/2023\/wp-content\/uploads\/sites\/5\/sjh-2024-Angebot-Header-Jugendherberge-Montreux-mobile.jpg\" class=\"attachment-large size-large wp-image-13993\" alt=\"\" srcset=\"https:\/\/report-youthhostel.ch\/2023\/wp-content\/uploads\/sites\/5\/sjh-2024-Angebot-Header-Jugendherberge-Montreux-mobile.jpg 1000w, https:\/\/report-youthhostel.ch\/2023\/wp-content\/uploads\/sites\/5\/sjh-2024-Angebot-Header-Jugendherberge-Montreux-mobile-768x879.jpg 768w\" sizes=\"(max-width: 1000px) 100vw, 1000px\" \/> <span class=\"raven-post-image-overlay\"><\/span><\/a>\t\t<\/div>\r\n\t\t\t\t\t\t<div class=\"raven-post-content\">\r\n\t\t\t\t\t<h3 class=\"raven-post-title\"><a class=\"raven-post-title-link\" href=\"https:\/\/report-youthhostel.ch\/2023\/en\/foreword\/offer\/\">Offer<\/a><\/h3>\t\t\t\t<\/div>\r\n\t\t\t<\/div>\r\n\t\t<\/div>\r\n\t\t\t\t<\/div>\r\n\t\t\t\t\t\t<\/div>\n\t\t\t\t<\/div>\n\t\t\t\t<div class=\"elementor-element elementor-element-67b7dd0 elementor-widget elementor-widget-spacer\" data-id=\"67b7dd0\" data-element_type=\"widget\" data-widget_type=\"spacer.default\">\n\t\t\t\t<div class=\"elementor-widget-container\">\n\t\t\t\t\t\t\t<div class=\"elementor-spacer\">\n\t\t\t<div class=\"elementor-spacer-inner\"><\/div>\n\t\t<\/div>\n\t\t\t\t\t\t<\/div>\n\t\t\t\t<\/div>\n\t\t\t\t\t<\/div>\n\t\t<\/div>\n\t\t\t\t\t<\/div>\n\t\t<\/section>\n\t\t\t\t<\/div>\n\t\t\t\t<\/div>\n\t\t\t\t\t\t<\/div>\n\t\t\t\t<\/div>\n\t\t\t\t\t<\/div>\n\t\t\t\t<\/div>\n\t\t\t\t<\/div>\n\t\t","protected":false},"excerpt":{"rendered":"<p>R\u00e9trospective et perspectives 2024 100 ans des Auberges de Jeunesse Suisses Auberge de Jeunesse de Adelboden1943, SJH Archive En 2024, les Auberges de Jeunesse Suisses f\u00eatent leur 100e\u00a0anniversaire. Au d\u00e9but du 20e\u00a0si\u00e8cle, voyager \u00e9tait un privil\u00e8ge r\u00e9serv\u00e9 \u00e0 une poign\u00e9e de gens ais\u00e9s. L\u2019industrialisation vint toutefois bouleverser le cadre de vie de la population. Les [&hellip;]<\/p>\n","protected":false},"author":1,"featured_media":14236,"parent":0,"menu_order":0,"comment_status":"closed","ping_status":"closed","template":"elementor_header_footer","meta":{"footnotes":""},"class_list":["post-10051","page","type-page","status-publish","has-post-thumbnail","hentry"],"_links":{"self":[{"href":"https:\/\/report-youthhostel.ch\/2023\/wp-json\/wp\/v2\/pages\/10051","targetHints":{"allow":["GET"]}}],"collection":[{"href":"https:\/\/report-youthhostel.ch\/2023\/wp-json\/wp\/v2\/pages"}],"about":[{"href":"https:\/\/report-youthhostel.ch\/2023\/wp-json\/wp\/v2\/types\/page"}],"author":[{"embeddable":true,"href":"https:\/\/report-youthhostel.ch\/2023\/wp-json\/wp\/v2\/users\/1"}],"replies":[{"embeddable":true,"href":"https:\/\/report-youthhostel.ch\/2023\/wp-json\/wp\/v2\/comments?post=10051"}],"version-history":[{"count":52,"href":"https:\/\/report-youthhostel.ch\/2023\/wp-json\/wp\/v2\/pages\/10051\/revisions"}],"predecessor-version":[{"id":14937,"href":"https:\/\/report-youthhostel.ch\/2023\/wp-json\/wp\/v2\/pages\/10051\/revisions\/14937"}],"wp:featuredmedia":[{"embeddable":true,"href":"https:\/\/report-youthhostel.ch\/2023\/wp-json\/wp\/v2\/media\/14236"}],"wp:attachment":[{"href":"https:\/\/report-youthhostel.ch\/2023\/wp-json\/wp\/v2\/media?parent=10051"}],"curies":[{"name":"wp","href":"https:\/\/api.w.org\/{rel}","templated":true}]}}